{"id":6602,"date":"2026-03-27T22:00:46","date_gmt":"2026-03-28T01:00:46","guid":{"rendered":"https:\/\/russtico.com\/?page_id=6602"},"modified":"2026-03-27T22:00:47","modified_gmt":"2026-03-28T01:00:47","slug":"viajes-a-chile-naturaleza-extrema-y-paisajes-unicos","status":"publish","type":"page","link":"https:\/\/russtico.com\/?page_id=6602&lang=es","title":{"rendered":"Viajes a Chile \u2014 naturaleza extrema y paisajes \u00fanicos"},"content":{"rendered":"\n<p>Chile es un destino \u00fanico en Am\u00e9rica Latina, donde la diversidad de paisajes y climas permite vivir m\u00faltiples experiencias en un solo viaje. Desde el oc\u00e9ano Pac\u00edfico hasta la cordillera de los Andes, el pa\u00eds sorprende por su belleza natural y su contraste geogr\u00e1fico.<\/p>\n\n\n\n<p>Con miles de kil\u00f3metros de longitud, Chile ofrece desde desiertos \u00e1ridos hasta glaciares milenarios, pasando por vi\u00f1edos, lagos y ciudades vibrantes. Es un destino ideal tanto para viajeros que buscan aventura como para quienes desean disfrutar de la naturaleza y la cultura.<\/p>\n\n\n\n<h3 class=\"wp-block-heading\"><strong>Qu\u00e9 ver en Chile<\/strong><\/h3>\n\n\n\n<p><strong>Desierto de Atacama<\/strong><br>Uno de los lugares m\u00e1s secos del planeta, famoso por sus paisajes \u00fanicos, g\u00e9iseres, salares y cielos despejados ideales para la observaci\u00f3n de estrellas.<\/p>\n\n\n\n<p><strong>Patagonia chilena<\/strong><br>Regi\u00f3n de naturaleza espectacular con monta\u00f1as, glaciares y parques nacionales. Perfecta para el trekking y la exploraci\u00f3n.<\/p>\n\n\n\n<p><strong>Santiago de Chile<\/strong><br>La capital combina modernidad, cultura y gastronom\u00eda, siendo el punto de partida para muchos viajes.<\/p>\n\n\n\n<p><strong>Valpara\u00edso<\/strong><br>Ciudad costera conocida por sus casas coloridas, arte urbano y ambiente bohemio.<\/p>\n\n\n\n<p><strong>Isla de Pascua<\/strong><br>Un destino enigm\u00e1tico en medio del oc\u00e9ano Pac\u00edfico, famoso por sus mo\u00e1is y su cultura ancestral.<\/p>\n\n\n\n<h3 class=\"wp-block-heading\"><strong>Naturaleza y aventura<\/strong><\/h3>\n\n\n\n<p>Chile es ideal para el turismo activo: trekking en la Patagonia, excursiones en el desierto de Atacama, navegaci\u00f3n por glaciares, esqu\u00ed en los Andes y observaci\u00f3n de estrellas.<\/p>\n\n\n\n<h3 class=\"wp-block-heading\"><strong>Cultura y gastronom\u00eda<\/strong><\/h3>\n\n\n\n<p>La cultura chilena combina tradiciones ind\u00edgenas y herencia europea. Destaca su gastronom\u00eda basada en productos del mar y su reconocida industria del vino, con vi\u00f1edos de alta calidad.<\/p>\n\n\n\n<h3 class=\"wp-block-heading\"><strong>Viajes a Chile con Russ-Tico Travel<\/strong><\/h3>\n\n\n\n<p>En Russ-Tico Travel organizamos viajes a Chile y tours a Chile personalizados, adaptados a cada viajero.<\/p>\n\n\n\n<p>\u2714 Programas individuales y en grupo<br>\u2714 Rutas combinadas por diferentes regiones<br>\u2714 Experiencias aut\u00e9nticas<br>\u2714 Asistencia profesional durante todo el viaje<\/p>\n\n\n<div class=\"pgc-sgb-cb wp-block-pgcsimplygalleryblock-masonry \" data-gallery-id=\"1ba13351\"><div class=\"sgb-preloader\" id=\"pr_1ba13351\">\n\t<div class=\"sgb-square\" style=\"background:#d4d4d4\"><\/div>\n\t<div class=\"sgb-square\" style=\"background:#d4d4d4\"><\/div>\n\t<div class=\"sgb-square\" style=\"background:#d4d4d4\"><\/div>\n\t<div class=\"sgb-square\" style=\"background:#d4d4d4\"><\/div><\/div><div class=\"simply-gallery-amp pgc_sgb_slider \" style=\"display: none;\"><div class=\"sgb-gallery\"><div class=\"sgb-item\"><a href=\"http:\/\/russtico.com\/wp-content\/uploads\/2026\/03\/33A2729-min.jpeg\"><img decoding=\"async\" alt=\"\" width=\"1024\" height=\"683\" loading=\"lazy\" src=\"http:\/\/russtico.com\/wp-content\/uploads\/2026\/03\/33A2729-min.jpeg\" srcset=\",http:\/\/russtico.com\/wp-content\/uploads\/2026\/03\/33A2729-min.jpeg 1024w\" sizes=\"auto, 250px\"\/><\/a><\/div><div class=\"sgb-item\"><a href=\"http:\/\/russtico.com\/wp-content\/uploads\/2026\/03\/33A9622-2-min.jpeg\"><img decoding=\"async\" alt=\"\" width=\"1024\" height=\"683\" loading=\"lazy\" src=\"http:\/\/russtico.com\/wp-content\/uploads\/2026\/03\/33A9622-2-min.jpeg\" srcset=\",http:\/\/russtico.com\/wp-content\/uploads\/2026\/03\/33A9622-2-min.jpeg 1024w\" sizes=\"auto, 250px\"\/><\/a><\/div><div class=\"sgb-item\"><a href=\"http:\/\/russtico.com\/wp-content\/uploads\/2026\/03\/11.jpeg\"><img decoding=\"async\" alt=\"\" width=\"1024\" height=\"683\" loading=\"lazy\" src=\"http:\/\/russtico.com\/wp-content\/uploads\/2026\/03\/11.jpeg\" srcset=\",http:\/\/russtico.com\/wp-content\/uploads\/2026\/03\/11.jpeg 1024w\" sizes=\"auto, 250px\"\/><\/a><\/div><div class=\"sgb-item\"><a href=\"http:\/\/russtico.com\/wp-content\/uploads\/2026\/03\/pozon-low.jpeg\"><img decoding=\"async\" alt=\"\" width=\"1024\" height=\"682\" loading=\"lazy\" src=\"http:\/\/russtico.com\/wp-content\/uploads\/2026\/03\/pozon-low.jpeg\" srcset=\",http:\/\/russtico.com\/wp-content\/uploads\/2026\/03\/pozon-low.jpeg 1024w\" sizes=\"auto, 250px\"\/><\/a><\/div><div class=\"sgb-item\"><a href=\"http:\/\/russtico.com\/wp-content\/uploads\/2026\/03\/puyuhuapi.jpeg\"><img decoding=\"async\" alt=\"\" width=\"1024\" height=\"731\" loading=\"lazy\" src=\"http:\/\/russtico.com\/wp-content\/uploads\/2026\/03\/puyuhuapi.jpeg\" srcset=\",http:\/\/russtico.com\/wp-content\/uploads\/2026\/03\/puyuhuapi.jpeg 1024w\" sizes=\"auto, 250px\"\/><\/a><\/div><div class=\"sgb-item\"><a href=\"http:\/\/russtico.com\/wp-content\/uploads\/2026\/03\/ventisquero-colgante-web.jpeg\"><img decoding=\"async\" alt=\"\" width=\"1024\" height=\"683\" loading=\"lazy\" src=\"http:\/\/russtico.com\/wp-content\/uploads\/2026\/03\/ventisquero-colgante-web.jpeg\" srcset=\",http:\/\/russtico.com\/wp-content\/uploads\/2026\/03\/ventisquero-colgante-web.jpeg 1024w\" sizes=\"auto, 250px\"\/><\/a><\/div><div class=\"sgb-item\"><a href=\"http:\/\/russtico.com\/wp-content\/uploads\/2026\/03\/cerro-santa-lucia-chile-tour.jpg\"><img decoding=\"async\" alt=\"\" width=\"600\" height=\"400\" loading=\"lazy\" src=\"http:\/\/russtico.com\/wp-content\/uploads\/2026\/03\/cerro-santa-lucia-chile-tour.jpg\" srcset=\",http:\/\/russtico.com\/wp-content\/uploads\/2026\/03\/cerro-santa-lucia-chile-tour.jpg 600w\" sizes=\"auto, 250px\"\/><\/a><\/div><div class=\"sgb-item\"><a href=\"http:\/\/russtico.com\/wp-content\/uploads\/2026\/03\/costanera-center.jpg\"><img decoding=\"async\" alt=\"\" width=\"600\" height=\"400\" loading=\"lazy\" src=\"http:\/\/russtico.com\/wp-content\/uploads\/2026\/03\/costanera-center.jpg\" srcset=\",http:\/\/russtico.com\/wp-content\/uploads\/2026\/03\/costanera-center.jpg 600w\" sizes=\"auto, 250px\"\/><\/a><\/div><div class=\"sgb-item\"><a href=\"http:\/\/russtico.com\/wp-content\/uploads\/2026\/03\/isla-de-pascua-3-1.jpg\"><img decoding=\"async\" alt=\"\" width=\"600\" height=\"400\" loading=\"lazy\" src=\"http:\/\/russtico.com\/wp-content\/uploads\/2026\/03\/isla-de-pascua-3-1.jpg\" srcset=\",http:\/\/russtico.com\/wp-content\/uploads\/2026\/03\/isla-de-pascua-3-1.jpg 600w\" sizes=\"auto, 250px\"\/><\/a><\/div><div class=\"sgb-item\"><a href=\"http:\/\/russtico.com\/wp-content\/uploads\/2026\/03\/isla-de-pascua-8.jpg\"><img decoding=\"async\" alt=\"\" width=\"600\" height=\"400\" loading=\"lazy\" src=\"http:\/\/russtico.com\/wp-content\/uploads\/2026\/03\/isla-de-pascua-8.jpg\" srcset=\",http:\/\/russtico.com\/wp-content\/uploads\/2026\/03\/isla-de-pascua-8.jpg 600w\" sizes=\"auto, 250px\"\/><\/a><\/div><div class=\"sgb-item\"><a href=\"http:\/\/russtico.com\/wp-content\/uploads\/2026\/03\/orongo-2.jpg\"><img decoding=\"async\" alt=\"\" width=\"600\" height=\"400\" loading=\"lazy\" src=\"http:\/\/russtico.com\/wp-content\/uploads\/2026\/03\/orongo-2.jpg\" srcset=\",http:\/\/russtico.com\/wp-content\/uploads\/2026\/03\/orongo-2.jpg 600w\" sizes=\"auto, 250px\"\/><\/a><\/div><div class=\"sgb-item\"><a href=\"http:\/\/russtico.com\/wp-content\/uploads\/2026\/03\/orongo-4.jpg\"><img decoding=\"async\" alt=\"\" width=\"600\" height=\"400\" loading=\"lazy\" src=\"http:\/\/russtico.com\/wp-content\/uploads\/2026\/03\/orongo-4.jpg\" srcset=\",http:\/\/russtico.com\/wp-content\/uploads\/2026\/03\/orongo-4.jpg 600w\" sizes=\"auto, 250px\"\/><\/a><\/div><div class=\"sgb-item\"><a href=\"http:\/\/russtico.com\/wp-content\/uploads\/2026\/03\/palacio-de-la-moneda-chile.jpg\"><img decoding=\"async\" alt=\"\" width=\"600\" height=\"400\" loading=\"lazy\" src=\"http:\/\/russtico.com\/wp-content\/uploads\/2026\/03\/palacio-de-la-moneda-chile.jpg\" srcset=\",http:\/\/russtico.com\/wp-content\/uploads\/2026\/03\/palacio-de-la-moneda-chile.jpg 600w\" sizes=\"auto, 250px\"\/><\/a><\/div><div class=\"sgb-item\"><a href=\"http:\/\/russtico.com\/wp-content\/uploads\/2026\/03\/rapa-nui-2.jpg\"><img decoding=\"async\" alt=\"\" width=\"600\" height=\"400\" loading=\"lazy\" src=\"http:\/\/russtico.com\/wp-content\/uploads\/2026\/03\/rapa-nui-2.jpg\" srcset=\",http:\/\/russtico.com\/wp-content\/uploads\/2026\/03\/rapa-nui-2.jpg 600w\" sizes=\"auto, 250px\"\/><\/a><\/div><div class=\"sgb-item\"><a href=\"http:\/\/russtico.com\/wp-content\/uploads\/2026\/03\/rapa-nui-3.jpg\"><img decoding=\"async\" alt=\"\" width=\"600\" height=\"400\" loading=\"lazy\" src=\"http:\/\/russtico.com\/wp-content\/uploads\/2026\/03\/rapa-nui-3.jpg\" srcset=\",http:\/\/russtico.com\/wp-content\/uploads\/2026\/03\/rapa-nui-3.jpg 600w\" sizes=\"auto, 250px\"\/><\/a><\/div><div class=\"sgb-item\"><a href=\"http:\/\/russtico.com\/wp-content\/uploads\/2026\/03\/rapa-nui-4.jpg\"><img decoding=\"async\" alt=\"\" width=\"600\" height=\"400\" loading=\"lazy\" src=\"http:\/\/russtico.com\/wp-content\/uploads\/2026\/03\/rapa-nui-4.jpg\" srcset=\",http:\/\/russtico.com\/wp-content\/uploads\/2026\/03\/rapa-nui-4.jpg 600w\" sizes=\"auto, 250px\"\/><\/a><\/div><\/div><\/div><script type=\"application\/json\" class=\"sgb-data\">{\"galleryType\":\"pgc_sgb_masonry\",\"galleryId\":\"1ba13351\",\"images\":[{\"id\":6560,\"title\":\"_33A2729-min\",\"url\":\"http:\/\/russtico.com\/wp-content\/uploads\/2026\/03\/33A2729-min.jpeg\",\"link\":\"https:\/\/russtico.com\/?attachment_id=6560\",\"alt\":\"\",\"description\":\"\",\"caption\":\"\",\"mime\":\"image\/jpeg\",\"type\":\"image\",\"width\":1024,\"height\":683,\"sizes\":{\"full\":{\"url\":\"http:\/\/russtico.com\/wp-content\/uploads\/2026\/03\/33A2729-min.jpeg\",\"height\":683,\"width\":1024,\"orientation\":\"landscape\"}},\"imageMeta\":{\"aperture\":\"0\",\"credit\":\"\",\"camera\":\"\",\"caption\":\"\",\"created_timestamp\":\"0\",\"copyright\":\"\",\"focal_length\":\"0\",\"iso\":\"0\",\"shutter_speed\":\"0\",\"title\":\"\",\"orientation\":\"0\",\"keywords\":[]},\"meta\":false},{\"id\":6561,\"title\":\"_33A9622 (2)-min\",\"url\":\"http:\/\/russtico.com\/wp-content\/uploads\/2026\/03\/33A9622-2-min.jpeg\",\"link\":\"https:\/\/russtico.com\/?attachment_id=6561\",\"alt\":\"\",\"description\":\"\",\"caption\":\"\",\"mime\":\"image\/jpeg\",\"type\":\"image\",\"width\":1024,\"height\":683,\"sizes\":{\"full\":{\"url\":\"http:\/\/russtico.com\/wp-content\/uploads\/2026\/03\/33A9622-2-min.jpeg\",\"height\":683,\"width\":1024,\"orientation\":\"landscape\"}},\"imageMeta\":{\"aperture\":\"0\",\"credit\":\"\",\"camera\":\"\",\"caption\":\"\",\"created_timestamp\":\"0\",\"copyright\":\"\",\"focal_length\":\"0\",\"iso\":\"0\",\"shutter_speed\":\"0\",\"title\":\"\",\"orientation\":\"0\",\"keywords\":[]},\"meta\":false},{\"id\":6556,\"title\":\"11\",\"url\":\"http:\/\/russtico.com\/wp-content\/uploads\/2026\/03\/11.jpeg\",\"link\":\"https:\/\/russtico.com\/?attachment_id=6556\",\"alt\":\"\",\"description\":\"\",\"caption\":\"\",\"mime\":\"image\/jpeg\",\"type\":\"image\",\"width\":1024,\"height\":683,\"sizes\":{\"full\":{\"url\":\"http:\/\/russtico.com\/wp-content\/uploads\/2026\/03\/11.jpeg\",\"height\":683,\"width\":1024,\"orientation\":\"landscape\"}},\"imageMeta\":{\"aperture\":\"0\",\"credit\":\"\",\"camera\":\"\",\"caption\":\"\",\"created_timestamp\":\"0\",\"copyright\":\"fran bedeschi\",\"focal_length\":\"0\",\"iso\":\"0\",\"shutter_speed\":\"0\",\"title\":\"\",\"orientation\":\"0\",\"keywords\":[]},\"meta\":false},{\"id\":6557,\"title\":\"pozon low\",\"url\":\"http:\/\/russtico.com\/wp-content\/uploads\/2026\/03\/pozon-low.jpeg\",\"link\":\"https:\/\/russtico.com\/?attachment_id=6557\",\"alt\":\"\",\"description\":\"\",\"caption\":\"\",\"mime\":\"image\/jpeg\",\"type\":\"image\",\"width\":1024,\"height\":682,\"sizes\":{\"full\":{\"url\":\"http:\/\/russtico.com\/wp-content\/uploads\/2026\/03\/pozon-low.jpeg\",\"height\":682,\"width\":1024,\"orientation\":\"landscape\"}},\"imageMeta\":{\"aperture\":\"0\",\"credit\":\"\",\"camera\":\"\",\"caption\":\"\",\"created_timestamp\":\"1551745884\",\"copyright\":\"\",\"focal_length\":\"0\",\"iso\":\"0\",\"shutter_speed\":\"0\",\"title\":\"\",\"orientation\":\"0\",\"keywords\":[]},\"meta\":false},{\"id\":6558,\"title\":\"puyuhuapi\",\"url\":\"http:\/\/russtico.com\/wp-content\/uploads\/2026\/03\/puyuhuapi.jpeg\",\"link\":\"https:\/\/russtico.com\/?attachment_id=6558\",\"alt\":\"\",\"description\":\"\",\"caption\":\"\",\"mime\":\"image\/jpeg\",\"type\":\"image\",\"width\":1024,\"height\":731,\"sizes\":{\"full\":{\"url\":\"http:\/\/russtico.com\/wp-content\/uploads\/2026\/03\/puyuhuapi.jpeg\",\"height\":731,\"width\":1024,\"orientation\":\"landscape\"}},\"imageMeta\":{\"aperture\":\"0\",\"credit\":\"\",\"camera\":\"\",\"caption\":\"\",\"created_timestamp\":\"1551708756\",\"copyright\":\"\",\"focal_length\":\"0\",\"iso\":\"0\",\"shutter_speed\":\"0\",\"title\":\"\",\"orientation\":\"0\",\"keywords\":[]},\"meta\":false},{\"id\":6559,\"title\":\"ventisquero colgante web\",\"url\":\"http:\/\/russtico.com\/wp-content\/uploads\/2026\/03\/ventisquero-colgante-web.jpeg\",\"link\":\"https:\/\/russtico.com\/?attachment_id=6559\",\"alt\":\"\",\"description\":\"\",\"caption\":\"\",\"mime\":\"image\/jpeg\",\"type\":\"image\",\"width\":1024,\"height\":683,\"sizes\":{\"full\":{\"url\":\"http:\/\/russtico.com\/wp-content\/uploads\/2026\/03\/ventisquero-colgante-web.jpeg\",\"height\":683,\"width\":1024,\"orientation\":\"landscape\"}},\"imageMeta\":{\"aperture\":\"8\",\"credit\":\"RAMSEIT CAIROS\",\"camera\":\"NIKON D7500\",\"caption\":\"\",\"created_timestamp\":\"1617119987\",\"copyright\":\"RAMSEIT CAIROS\",\"focal_length\":\"30\",\"iso\":\"100\",\"shutter_speed\":\"0.005\",\"title\":\"\",\"orientation\":\"0\",\"keywords\":[]},\"meta\":false},{\"id\":6546,\"title\":\"cerro-santa-lucia-chile-tour\",\"url\":\"http:\/\/russtico.com\/wp-content\/uploads\/2026\/03\/cerro-santa-lucia-chile-tour.jpg\",\"link\":\"https:\/\/russtico.com\/?attachment_id=6546\",\"alt\":\"\",\"description\":\"\",\"caption\":\"\",\"mime\":\"image\/jpeg\",\"type\":\"image\",\"width\":600,\"height\":400,\"sizes\":{\"full\":{\"url\":\"http:\/\/russtico.com\/wp-content\/uploads\/2026\/03\/cerro-santa-lucia-chile-tour.jpg\",\"height\":400,\"width\":600,\"orientation\":\"landscape\"}},\"imageMeta\":{\"aperture\":\"0\",\"credit\":\"\",\"camera\":\"\",\"caption\":\"\",\"created_timestamp\":\"0\",\"copyright\":\"\",\"focal_length\":\"0\",\"iso\":\"0\",\"shutter_speed\":\"0\",\"title\":\"\",\"orientation\":\"0\",\"keywords\":[]},\"meta\":false},{\"id\":6547,\"title\":\"costanera-center\",\"url\":\"http:\/\/russtico.com\/wp-content\/uploads\/2026\/03\/costanera-center.jpg\",\"link\":\"https:\/\/russtico.com\/?attachment_id=6547\",\"alt\":\"\",\"description\":\"\",\"caption\":\"\",\"mime\":\"image\/jpeg\",\"type\":\"image\",\"width\":600,\"height\":400,\"sizes\":{\"full\":{\"url\":\"http:\/\/russtico.com\/wp-content\/uploads\/2026\/03\/costanera-center.jpg\",\"height\":400,\"width\":600,\"orientation\":\"landscape\"}},\"imageMeta\":{\"aperture\":\"0\",\"credit\":\"\",\"camera\":\"\",\"caption\":\"\",\"created_timestamp\":\"0\",\"copyright\":\"\",\"focal_length\":\"0\",\"iso\":\"0\",\"shutter_speed\":\"0\",\"title\":\"\",\"orientation\":\"0\",\"keywords\":[]},\"meta\":false},{\"id\":6548,\"title\":\"isla-de-pascua-3\",\"url\":\"http:\/\/russtico.com\/wp-content\/uploads\/2026\/03\/isla-de-pascua-3-1.jpg\",\"link\":\"https:\/\/russtico.com\/?attachment_id=6548\",\"alt\":\"\",\"description\":\"\",\"caption\":\"\",\"mime\":\"image\/jpeg\",\"type\":\"image\",\"width\":600,\"height\":400,\"sizes\":{\"full\":{\"url\":\"http:\/\/russtico.com\/wp-content\/uploads\/2026\/03\/isla-de-pascua-3-1.jpg\",\"height\":400,\"width\":600,\"orientation\":\"landscape\"}},\"imageMeta\":{\"aperture\":\"0\",\"credit\":\"\",\"camera\":\"\",\"caption\":\"\",\"created_timestamp\":\"0\",\"copyright\":\"\",\"focal_length\":\"0\",\"iso\":\"0\",\"shutter_speed\":\"0\",\"title\":\"\",\"orientation\":\"0\",\"keywords\":[]},\"meta\":false},{\"id\":6549,\"title\":\"isla-de-pascua-8\",\"url\":\"http:\/\/russtico.com\/wp-content\/uploads\/2026\/03\/isla-de-pascua-8.jpg\",\"link\":\"https:\/\/russtico.com\/?attachment_id=6549\",\"alt\":\"\",\"description\":\"\",\"caption\":\"\",\"mime\":\"image\/jpeg\",\"type\":\"image\",\"width\":600,\"height\":400,\"sizes\":{\"full\":{\"url\":\"http:\/\/russtico.com\/wp-content\/uploads\/2026\/03\/isla-de-pascua-8.jpg\",\"height\":400,\"width\":600,\"orientation\":\"landscape\"}},\"imageMeta\":{\"aperture\":\"0\",\"credit\":\"\",\"camera\":\"\",\"caption\":\"\",\"created_timestamp\":\"0\",\"copyright\":\"\",\"focal_length\":\"0\",\"iso\":\"0\",\"shutter_speed\":\"0\",\"title\":\"\",\"orientation\":\"0\",\"keywords\":[]},\"meta\":false},{\"id\":6550,\"title\":\"orongo-2\",\"url\":\"http:\/\/russtico.com\/wp-content\/uploads\/2026\/03\/orongo-2.jpg\",\"link\":\"https:\/\/russtico.com\/?attachment_id=6550\",\"alt\":\"\",\"description\":\"\",\"caption\":\"\",\"mime\":\"image\/jpeg\",\"type\":\"image\",\"width\":600,\"height\":400,\"sizes\":{\"full\":{\"url\":\"http:\/\/russtico.com\/wp-content\/uploads\/2026\/03\/orongo-2.jpg\",\"height\":400,\"width\":600,\"orientation\":\"landscape\"}},\"imageMeta\":{\"aperture\":\"0\",\"credit\":\"\",\"camera\":\"\",\"caption\":\"\",\"created_timestamp\":\"0\",\"copyright\":\"\",\"focal_length\":\"0\",\"iso\":\"0\",\"shutter_speed\":\"0\",\"title\":\"\",\"orientation\":\"0\",\"keywords\":[]},\"meta\":false},{\"id\":6551,\"title\":\"orongo-4\",\"url\":\"http:\/\/russtico.com\/wp-content\/uploads\/2026\/03\/orongo-4.jpg\",\"link\":\"https:\/\/russtico.com\/?attachment_id=6551\",\"alt\":\"\",\"description\":\"\",\"caption\":\"\",\"mime\":\"image\/jpeg\",\"type\":\"image\",\"width\":600,\"height\":400,\"sizes\":{\"full\":{\"url\":\"http:\/\/russtico.com\/wp-content\/uploads\/2026\/03\/orongo-4.jpg\",\"height\":400,\"width\":600,\"orientation\":\"landscape\"}},\"imageMeta\":{\"aperture\":\"0\",\"credit\":\"\",\"camera\":\"\",\"caption\":\"\",\"created_timestamp\":\"0\",\"copyright\":\"\",\"focal_length\":\"0\",\"iso\":\"0\",\"shutter_speed\":\"0\",\"title\":\"\",\"orientation\":\"0\",\"keywords\":[]},\"meta\":false},{\"id\":6552,\"title\":\"palacio-de-la-moneda-chile\",\"url\":\"http:\/\/russtico.com\/wp-content\/uploads\/2026\/03\/palacio-de-la-moneda-chile.jpg\",\"link\":\"https:\/\/russtico.com\/?attachment_id=6552\",\"alt\":\"\",\"description\":\"\",\"caption\":\"\",\"mime\":\"image\/jpeg\",\"type\":\"image\",\"width\":600,\"height\":400,\"sizes\":{\"full\":{\"url\":\"http:\/\/russtico.com\/wp-content\/uploads\/2026\/03\/palacio-de-la-moneda-chile.jpg\",\"height\":400,\"width\":600,\"orientation\":\"landscape\"}},\"imageMeta\":{\"aperture\":\"0\",\"credit\":\"\",\"camera\":\"\",\"caption\":\"\",\"created_timestamp\":\"0\",\"copyright\":\"\",\"focal_length\":\"0\",\"iso\":\"0\",\"shutter_speed\":\"0\",\"title\":\"\",\"orientation\":\"0\",\"keywords\":[]},\"meta\":false},{\"id\":6553,\"title\":\"rapa-nui-2\",\"url\":\"http:\/\/russtico.com\/wp-content\/uploads\/2026\/03\/rapa-nui-2.jpg\",\"link\":\"https:\/\/russtico.com\/?attachment_id=6553\",\"alt\":\"\",\"description\":\"\",\"caption\":\"\",\"mime\":\"image\/jpeg\",\"type\":\"image\",\"width\":600,\"height\":400,\"sizes\":{\"full\":{\"url\":\"http:\/\/russtico.com\/wp-content\/uploads\/2026\/03\/rapa-nui-2.jpg\",\"height\":400,\"width\":600,\"orientation\":\"landscape\"}},\"imageMeta\":{\"aperture\":\"0\",\"credit\":\"\",\"camera\":\"\",\"caption\":\"\",\"created_timestamp\":\"0\",\"copyright\":\"\",\"focal_length\":\"0\",\"iso\":\"0\",\"shutter_speed\":\"0\",\"title\":\"\",\"orientation\":\"0\",\"keywords\":[]},\"meta\":false},{\"id\":6554,\"title\":\"rapa-nui-3\",\"url\":\"http:\/\/russtico.com\/wp-content\/uploads\/2026\/03\/rapa-nui-3.jpg\",\"link\":\"https:\/\/russtico.com\/?attachment_id=6554\",\"alt\":\"\",\"description\":\"\",\"caption\":\"\",\"mime\":\"image\/jpeg\",\"type\":\"image\",\"width\":600,\"height\":400,\"sizes\":{\"full\":{\"url\":\"http:\/\/russtico.com\/wp-content\/uploads\/2026\/03\/rapa-nui-3.jpg\",\"height\":400,\"width\":600,\"orientation\":\"landscape\"}},\"imageMeta\":{\"aperture\":\"0\",\"credit\":\"\",\"camera\":\"\",\"caption\":\"\",\"created_timestamp\":\"0\",\"copyright\":\"\",\"focal_length\":\"0\",\"iso\":\"0\",\"shutter_speed\":\"0\",\"title\":\"\",\"orientation\":\"0\",\"keywords\":[]},\"meta\":false},{\"id\":6555,\"title\":\"rapa-nui-4\",\"url\":\"http:\/\/russtico.com\/wp-content\/uploads\/2026\/03\/rapa-nui-4.jpg\",\"link\":\"https:\/\/russtico.com\/?attachment_id=6555\",\"alt\":\"\",\"description\":\"\",\"caption\":\"\",\"mime\":\"image\/jpeg\",\"type\":\"image\",\"width\":600,\"height\":400,\"sizes\":{\"full\":{\"url\":\"http:\/\/russtico.com\/wp-content\/uploads\/2026\/03\/rapa-nui-4.jpg\",\"height\":400,\"width\":600,\"orientation\":\"landscape\"}},\"imageMeta\":{\"aperture\":\"0\",\"credit\":\"\",\"camera\":\"\",\"caption\":\"\",\"created_timestamp\":\"0\",\"copyright\":\"\",\"focal_length\":\"0\",\"iso\":\"0\",\"shutter_speed\":\"0\",\"title\":\"\",\"orientation\":\"0\",\"keywords\":[]},\"meta\":false}],\"itemsMetaDataCollection\":[]}<\/script><script>(function(){if(window.PGC_SGB && window.PGC_SGB.searcher){window.PGC_SGB.searcher.initBlocks()}})()<\/script><\/div>","protected":false},"excerpt":{"rendered":"<p>Chile es un destino \u00fanico en Am\u00e9rica Latina, donde la diversidad de paisajes y climas permite vivir m\u00faltiples experiencias en un solo viaje. Desde el oc\u00e9ano Pac\u00edfico hasta la cordillera de los Andes, el pa\u00eds sorprende por su belleza natural y su contraste geogr\u00e1fico. Con miles de kil\u00f3metros de longitud, Chile ofrece desde desiertos \u00e1ridos [&hellip;]<\/p>\n","protected":false},"author":2,"featured_media":6553,"parent":0,"menu_order":0,"comment_status":"closed","ping_status":"closed","template":"","meta":{"pgc_sgb_lightbox_settings":"","footnotes":""},"class_list":["post-6602","page","type-page","status-publish","has-post-thumbnail","hentry"],"blocksy_meta":[],"_links":{"self":[{"href":"https:\/\/russtico.com\/index.php?rest_route=\/wp\/v2\/pages\/6602","targetHints":{"allow":["GET"]}}],"collection":[{"href":"https:\/\/russtico.com\/index.php?rest_route=\/wp\/v2\/pages"}],"about":[{"href":"https:\/\/russtico.com\/index.php?rest_route=\/wp\/v2\/types\/page"}],"author":[{"embeddable":true,"href":"https:\/\/russtico.com\/index.php?rest_route=\/wp\/v2\/users\/2"}],"replies":[{"embeddable":true,"href":"https:\/\/russtico.com\/index.php?rest_route=%2Fwp%2Fv2%2Fcomments&post=6602"}],"version-history":[{"count":1,"href":"https:\/\/russtico.com\/index.php?rest_route=\/wp\/v2\/pages\/6602\/revisions"}],"predecessor-version":[{"id":6603,"href":"https:\/\/russtico.com\/index.php?rest_route=\/wp\/v2\/pages\/6602\/revisions\/6603"}],"wp:featuredmedia":[{"embeddable":true,"href":"https:\/\/russtico.com\/index.php?rest_route=\/wp\/v2\/media\/6553"}],"wp:attachment":[{"href":"https:\/\/russtico.com\/index.php?rest_route=%2Fwp%2Fv2%2Fmedia&parent=6602"}],"curies":[{"name":"wp","href":"https:\/\/api.w.org\/{rel}","templated":true}]}}