{"id":5356,"date":"2023-06-03T00:37:11","date_gmt":"2023-06-02T21:37:11","guid":{"rendered":"https:\/\/russtico.com\/?page_id=5356"},"modified":"2023-06-03T00:37:11","modified_gmt":"2023-06-02T21:37:11","slug":"republica-dominicana","status":"publish","type":"page","link":"https:\/\/russtico.com\/?page_id=5356","title":{"rendered":"Rep\u00fablica Dominicana"},"content":{"rendered":"\n<p>\u00a1Bienvenidos a la Rep\u00fablica Dominicana, un para\u00edso caribe\u00f1o que te cautivar\u00e1 con su belleza natural, su rica cultura y su c\u00e1lida hospitalidad! En nuestra agencia de viajes, te invitamos a descubrir los encantos de este destino tropical.<\/p>\n\n\n\n<p>La Rep\u00fablica Dominicana es famosa por sus hermosas playas de arena blanca, aguas cristalinas y un clima perfecto durante todo el a\u00f1o. Desde la ic\u00f3nica Punta Cana hasta las playas v\u00edrgenes de Saman\u00e1 y Puerto Plata, tendr\u00e1s a tu disposici\u00f3n una amplia gama de opciones para relajarte, disfrutar del sol y practicar deportes acu\u00e1ticos emocionantes como el snorkel, el buceo y el surf.<\/p>\n\n\n\n<p>Adem\u00e1s de sus playas paradis\u00edacas, la Rep\u00fablica Dominicana cuenta con una rica historia y cultura. Podr\u00e1s explorar la Ciudad Colonial de Santo Domingo, el asentamiento europeo m\u00e1s antiguo de las Am\u00e9ricas y declarado Patrimonio de la Humanidad por la UNESCO. Pasea por sus calles empedradas, visita la primera catedral del continente americano y admira los impresionantes edificios coloniales.<\/p>\n\n\n\n<p>Si eres un amante de la naturaleza, no te puedes perder la belleza de la regi\u00f3n de Saman\u00e1. Aqu\u00ed encontrar\u00e1s el Parque Nacional Los Haitises, con sus exuberantes manglares y cuevas milenarias, y la espectacular cascada El Lim\u00f3n, rodeada de una exuberante vegetaci\u00f3n tropical. Adem\u00e1s, podr\u00e1s disfrutar de avistamiento de ballenas jorobadas en la Bah\u00eda de Saman\u00e1 durante los meses de enero a marzo.<\/p>\n\n\n\n<p>La Rep\u00fablica Dominicana tambi\u00e9n es conocida por su animada vida nocturna y su deliciosa gastronom\u00eda. Desde la m\u00fasica y el baile en los clubes y discotecas hasta la vibrante escena de restaurantes, podr\u00e1s sumergirte en la energ\u00eda y el sabor de la cultura dominicana. No te pierdas la oportunidad de probar platos tradicionales como el sancocho, el mofongo y el pl\u00e1tano frito.<\/p>\n\n\n<div class=\"pgc-sgb-cb wp-block-pgcsimplygalleryblock-masonry \" data-gallery-id=\"ed866878\"><div class=\"sgb-preloader\" id=\"pr_ed866878\">\n\t<div class=\"sgb-square\" style=\"background:#d4d4d4\"><\/div>\n\t<div class=\"sgb-square\" style=\"background:#d4d4d4\"><\/div>\n\t<div class=\"sgb-square\" style=\"background:#d4d4d4\"><\/div>\n\t<div class=\"sgb-square\" style=\"background:#d4d4d4\"><\/div><\/div><div class=\"simply-gallery-amp pgc_sgb_slider \" style=\"display: none;\"><div class=\"sgb-gallery\"><div class=\"sgb-item\"><a href=\"http:\/\/russtico.com\/wp-content\/uploads\/2023\/06\/torrey-caney-santo-domingo-centroamerica.jpg\"><img decoding=\"async\" alt=\"\" width=\"1200\" height=\"600\" loading=\"lazy\" src=\"http:\/\/russtico.com\/wp-content\/uploads\/2023\/06\/torrey-caney-santo-domingo-centroamerica.jpg\" srcset=\",http:\/\/russtico.com\/wp-content\/uploads\/2023\/06\/torrey-caney-santo-domingo-centroamerica.jpg 1200w\" sizes=\"auto, 250px\"\/><\/a><\/div><div class=\"sgb-item\"><a href=\"http:\/\/russtico.com\/wp-content\/uploads\/2023\/06\/santo-domingo-centroamerica.jpg\"><img decoding=\"async\" alt=\"\" width=\"1200\" height=\"600\" loading=\"lazy\" src=\"http:\/\/russtico.com\/wp-content\/uploads\/2023\/06\/santo-domingo-centroamerica.jpg\" srcset=\",http:\/\/russtico.com\/wp-content\/uploads\/2023\/06\/santo-domingo-centroamerica.jpg 1200w\" sizes=\"auto, 250px\"\/><\/a><\/div><div class=\"sgb-item\"><a href=\"http:\/\/russtico.com\/wp-content\/uploads\/2023\/06\/Punta-Cana-2.jpg\"><img decoding=\"async\" alt=\"\" width=\"2000\" height=\"1069\" loading=\"lazy\" src=\"http:\/\/russtico.com\/wp-content\/uploads\/2023\/06\/Punta-Cana-2.jpg\" srcset=\",http:\/\/russtico.com\/wp-content\/uploads\/2023\/06\/Punta-Cana-2.jpg 2000w\" sizes=\"auto, 250px\"\/><\/a><\/div><\/div><\/div><script type=\"application\/json\" class=\"sgb-data\">{\"galleryType\":\"pgc_sgb_masonry\",\"galleryId\":\"ed866878\",\"images\":[{\"id\":5364,\"title\":\"torrey-caney-santo-domingo-centroamerica\",\"url\":\"http:\/\/russtico.com\/wp-content\/uploads\/2023\/06\/torrey-caney-santo-domingo-centroamerica.jpg\",\"link\":\"https:\/\/russtico.com\/?attachment_id=5364\",\"alt\":\"\",\"description\":\"\",\"caption\":\"\",\"mime\":\"image\/jpeg\",\"type\":\"image\",\"width\":1200,\"height\":600,\"sizes\":{\"full\":{\"url\":\"http:\/\/russtico.com\/wp-content\/uploads\/2023\/06\/torrey-caney-santo-domingo-centroamerica.jpg\",\"height\":600,\"width\":1200,\"orientation\":\"landscape\"}},\"imageMeta\":{\"aperture\":\"0\",\"credit\":\"\",\"camera\":\"\",\"caption\":\"\",\"created_timestamp\":\"0\",\"copyright\":\"\",\"focal_length\":\"0\",\"iso\":\"0\",\"shutter_speed\":\"0\",\"title\":\"\",\"orientation\":\"0\",\"keywords\":[]},\"meta\":false},{\"id\":5363,\"title\":\"santo-domingo-centroamerica\",\"url\":\"http:\/\/russtico.com\/wp-content\/uploads\/2023\/06\/santo-domingo-centroamerica.jpg\",\"link\":\"https:\/\/russtico.com\/?attachment_id=5363\",\"alt\":\"\",\"description\":\"\",\"caption\":\"\",\"mime\":\"image\/jpeg\",\"type\":\"image\",\"width\":1200,\"height\":600,\"sizes\":{\"full\":{\"url\":\"http:\/\/russtico.com\/wp-content\/uploads\/2023\/06\/santo-domingo-centroamerica.jpg\",\"height\":600,\"width\":1200,\"orientation\":\"landscape\"}},\"imageMeta\":{\"aperture\":\"0\",\"credit\":\"\",\"camera\":\"\",\"caption\":\"\",\"created_timestamp\":\"0\",\"copyright\":\"\",\"focal_length\":\"0\",\"iso\":\"0\",\"shutter_speed\":\"0\",\"title\":\"\",\"orientation\":\"0\",\"keywords\":[]},\"meta\":false},{\"id\":5362,\"title\":\"Punta Cana 2\",\"url\":\"http:\/\/russtico.com\/wp-content\/uploads\/2023\/06\/Punta-Cana-2.jpg\",\"link\":\"https:\/\/russtico.com\/?attachment_id=5362\",\"alt\":\"\",\"description\":\"\",\"caption\":\"\",\"mime\":\"image\/jpeg\",\"type\":\"image\",\"width\":2000,\"height\":1069,\"sizes\":{\"full\":{\"url\":\"http:\/\/russtico.com\/wp-content\/uploads\/2023\/06\/Punta-Cana-2.jpg\",\"height\":1069,\"width\":2000,\"orientation\":\"landscape\"}},\"imageMeta\":{\"aperture\":\"0\",\"credit\":\"\",\"camera\":\"\",\"caption\":\"\",\"created_timestamp\":\"0\",\"copyright\":\"\",\"focal_length\":\"0\",\"iso\":\"0\",\"shutter_speed\":\"0\",\"title\":\"\",\"orientation\":\"0\",\"keywords\":[]},\"meta\":false}],\"itemsMetaDataCollection\":[]}<\/script><script>(function(){if(window.PGC_SGB && window.PGC_SGB.searcher){window.PGC_SGB.searcher.initBlocks()}})()<\/script><\/div>","protected":false},"excerpt":{"rendered":"<p>\u00a1Bienvenidos a la Rep\u00fablica Dominicana, un para\u00edso caribe\u00f1o que te cautivar\u00e1 con su belleza natural, su rica cultura y su c\u00e1lida hospitalidad! En nuestra agencia de viajes, te invitamos a descubrir los encantos de este destino tropical. La Rep\u00fablica Dominicana es famosa por sus hermosas playas de arena blanca, aguas cristalinas y un clima perfecto [&hellip;]<\/p>\n","protected":false},"author":2,"featured_media":0,"parent":0,"menu_order":0,"comment_status":"closed","ping_status":"closed","template":"","meta":{"pgc_sgb_lightbox_settings":"","_bos_mb_destination":["",""],"footnotes":""},"class_list":["post-5356","page","type-page","status-publish","hentry"],"blocksy_meta":{"styles_descriptor":{"styles":{"desktop":"","tablet":"","mobile":""},"google_fonts":[],"version":6}},"_links":{"self":[{"href":"https:\/\/russtico.com\/index.php?rest_route=\/wp\/v2\/pages\/5356","targetHints":{"allow":["GET"]}}],"collection":[{"href":"https:\/\/russtico.com\/index.php?rest_route=\/wp\/v2\/pages"}],"about":[{"href":"https:\/\/russtico.com\/index.php?rest_route=\/wp\/v2\/types\/page"}],"author":[{"embeddable":true,"href":"https:\/\/russtico.com\/index.php?rest_route=\/wp\/v2\/users\/2"}],"replies":[{"embeddable":true,"href":"https:\/\/russtico.com\/index.php?rest_route=%2Fwp%2Fv2%2Fcomments&post=5356"}],"version-history":[{"count":0,"href":"https:\/\/russtico.com\/index.php?rest_route=\/wp\/v2\/pages\/5356\/revisions"}],"wp:attachment":[{"href":"https:\/\/russtico.com\/index.php?rest_route=%2Fwp%2Fv2%2Fmedia&parent=5356"}],"curies":[{"name":"wp","href":"https:\/\/api.w.org\/{rel}","templated":true}]}}