{"id":5331,"date":"2023-06-02T18:57:47","date_gmt":"2023-06-02T15:57:47","guid":{"rendered":"https:\/\/russtico.com\/?page_id=5331"},"modified":"2024-01-21T17:48:22","modified_gmt":"2024-01-21T14:48:22","slug":"mexico","status":"publish","type":"page","link":"https:\/\/russtico.com\/?page_id=5331&lang=es","title":{"rendered":"M\u00e9xico"},"content":{"rendered":"\n<p>\u00a1Bienvenidos a M\u00e9xico, un pa\u00eds lleno de encanto, cultura y paisajes asombrosos! En nuestra agencia de viajes, te invitamos a descubrir las maravillas de este destino fascinante y vibrante.<\/p>\n\n\n\n<p>M\u00e9xico es famoso en todo el mundo por su rica historia y su herencia cultural. Desde las antiguas civilizaciones mayas y aztecas hasta la influencia colonial espa\u00f1ola, el pa\u00eds rebosa de sitios arqueol\u00f3gicos impresionantes, como las majestuosas pir\u00e1mides de Teotihuac\u00e1n, Chich\u00e9n Itz\u00e1 y Palenque. Sum\u00e9rgete en la historia y la magia de estas antiguas culturas mientras exploras las ruinas y admiras la arquitectura \u00fanica que a\u00fan se conserva.<\/p>\n\n\n\n<p>La diversidad geogr\u00e1fica de M\u00e9xico es otro atractivo destacado. Podr\u00e1s disfrutar de hermosas playas en la Riviera Maya, Canc\u00fan o Los Cabos, donde el agua cristalina y las arenas blancas te invitan a relajarte y disfrutar del sol. Si buscas aventura, la Sierra Madre Occidental y la Sierra Madre Oriental ofrecen impresionantes paisajes monta\u00f1osos, perfectos para practicar senderismo, escalada o explorar las maravillas naturales de las cascadas y los ca\u00f1ones.<\/p>\n\n\n\n<p>La gastronom\u00eda mexicana es conocida en todo el mundo por su sabor aut\u00e9ntico y sus ingredientes frescos. No puedes dejar de probar los deliciosos tacos, enchiladas, mole y otros platillos tradicionales que te har\u00e1n descubrir una explosi\u00f3n de sabores. Adem\u00e1s, M\u00e9xico es el hogar de la bebida nacional, el tequila, y podr\u00e1s visitar las destiler\u00edas para aprender sobre su elaboraci\u00f3n y disfrutar de una degustaci\u00f3n.<\/p>\n\n\n\n<p>M\u00e9xico tambi\u00e9n es famoso por sus festivales coloridos y vibrantes, como el D\u00eda de los Muertos, una celebraci\u00f3n \u00fanica en honor a los difuntos, donde las calles se llenan de coloridos altares y desfiles. Otro evento destacado es la Guelaguetza en Oaxaca, donde podr\u00e1s disfrutar de danzas tradicionales y m\u00fasica folkl\u00f3rica en un ambiente festivo.<\/p>\n\n\n\n<p>En nuestra agencia de viajes, nos especializamos en ofrecerte experiencias personalizadas para que puedas descubrir lo mejor de M\u00e9xico. Ya sea que desees disfrutar de unas vacaciones relajantes en la playa, explorar la riqueza cultural del pa\u00eds o embarcarte en una aventura llena de adrenalina, nuestro equipo de expertos en viajes estar\u00e1 encantado de ayudarte a planificar tu viaje ideal.<\/p>\n\n\n<div class=\"pgc-sgb-cb wp-block-pgcsimplygalleryblock-masonry \" data-gallery-id=\"40488557\"><div class=\"sgb-preloader\" id=\"pr_40488557\">\n\t<div class=\"sgb-square\" style=\"background:#d4d4d4\"><\/div>\n\t<div class=\"sgb-square\" style=\"background:#d4d4d4\"><\/div>\n\t<div class=\"sgb-square\" style=\"background:#d4d4d4\"><\/div>\n\t<div class=\"sgb-square\" style=\"background:#d4d4d4\"><\/div><\/div><div class=\"simply-gallery-amp pgc_sgb_slider \" style=\"display: none;\"><div class=\"sgb-gallery\"><div class=\"sgb-item\"><a href=\"http:\/\/russtico.com\/wp-content\/uploads\/2023\/06\/Cancun-2.jpg\"><img decoding=\"async\" alt=\"\" width=\"1200\" height=\"675\" loading=\"lazy\" src=\"http:\/\/russtico.com\/wp-content\/uploads\/2023\/06\/Cancun-2.jpg\" srcset=\",http:\/\/russtico.com\/wp-content\/uploads\/2023\/06\/Cancun-2.jpg 1200w\" sizes=\"auto, 250px\"\/><\/a><\/div><div class=\"sgb-item\"><a href=\"http:\/\/russtico.com\/wp-content\/uploads\/2023\/06\/puerto-vallarta-best-beaches-mexico.jpg\"><img decoding=\"async\" alt=\"\" width=\"1033\" height=\"600\" loading=\"lazy\" src=\"http:\/\/russtico.com\/wp-content\/uploads\/2023\/06\/puerto-vallarta-best-beaches-mexico.jpg\" srcset=\",http:\/\/russtico.com\/wp-content\/uploads\/2023\/06\/puerto-vallarta-best-beaches-mexico.jpg 1033w\" sizes=\"auto, 250px\"\/><\/a><\/div><div class=\"sgb-item\"><a href=\"http:\/\/russtico.com\/wp-content\/uploads\/2023\/06\/228992-Los-Sapos-Bazaar.jpg\"><img decoding=\"async\" alt=\"\" width=\"2560\" height=\"1440\" loading=\"lazy\" src=\"http:\/\/russtico.com\/wp-content\/uploads\/2023\/06\/228992-Los-Sapos-Bazaar.jpg\" srcset=\",http:\/\/russtico.com\/wp-content\/uploads\/2023\/06\/228992-Los-Sapos-Bazaar.jpg 2560w\" sizes=\"auto, 250px\"\/><\/a><\/div><div class=\"sgb-item\"><a href=\"http:\/\/russtico.com\/wp-content\/uploads\/2023\/06\/beaches-of-puerto-vallarta-mexico.jpg\"><img decoding=\"async\" alt=\"\" width=\"1033\" height=\"600\" loading=\"lazy\" src=\"http:\/\/russtico.com\/wp-content\/uploads\/2023\/06\/beaches-of-puerto-vallarta-mexico.jpg\" srcset=\",http:\/\/russtico.com\/wp-content\/uploads\/2023\/06\/beaches-of-puerto-vallarta-mexico.jpg 1033w\" sizes=\"auto, 250px\"\/><\/a><\/div><div class=\"sgb-item\"><a href=\"http:\/\/russtico.com\/wp-content\/uploads\/2023\/06\/cabo-san-lucas.jpg\"><img decoding=\"async\" alt=\"\" width=\"1200\" height=\"800\" loading=\"lazy\" src=\"http:\/\/russtico.com\/wp-content\/uploads\/2023\/06\/cabo-san-lucas.jpg\" srcset=\",http:\/\/russtico.com\/wp-content\/uploads\/2023\/06\/cabo-san-lucas.jpg 1200w\" sizes=\"auto, 250px\"\/><\/a><\/div><div class=\"sgb-item\"><a href=\"http:\/\/russtico.com\/wp-content\/uploads\/2023\/06\/chichen-itza-ruins.jpg\"><img decoding=\"async\" alt=\"\" width=\"1920\" height=\"1024\" loading=\"lazy\" src=\"http:\/\/russtico.com\/wp-content\/uploads\/2023\/06\/chichen-itza-ruins.jpg\" srcset=\",http:\/\/russtico.com\/wp-content\/uploads\/2023\/06\/chichen-itza-ruins.jpg 1920w\" sizes=\"auto, 250px\"\/><\/a><\/div><div class=\"sgb-item\"><a href=\"http:\/\/russtico.com\/wp-content\/uploads\/2023\/06\/Mexico-City.jpg\"><img decoding=\"async\" alt=\"\" width=\"1920\" height=\"1080\" loading=\"lazy\" src=\"http:\/\/russtico.com\/wp-content\/uploads\/2023\/06\/Mexico-City.jpg\" srcset=\",http:\/\/russtico.com\/wp-content\/uploads\/2023\/06\/Mexico-City.jpg 1920w\" sizes=\"auto, 250px\"\/><\/a><\/div><div class=\"sgb-item\"><a href=\"http:\/\/russtico.com\/wp-content\/uploads\/2023\/06\/playa-del-carmen-cenote-square.jpg\"><img decoding=\"async\" alt=\"\" width=\"866\" height=\"578\" loading=\"lazy\" src=\"http:\/\/russtico.com\/wp-content\/uploads\/2023\/06\/playa-del-carmen-cenote-square.jpg\" srcset=\",http:\/\/russtico.com\/wp-content\/uploads\/2023\/06\/playa-del-carmen-cenote-square.jpg 866w\" sizes=\"auto, 250px\"\/><\/a><\/div><div class=\"sgb-item\"><a href=\"http:\/\/russtico.com\/wp-content\/uploads\/2023\/06\/Puebla_Portada.png\"><img decoding=\"async\" alt=\"\" width=\"1600\" height=\"900\" loading=\"lazy\" src=\"http:\/\/russtico.com\/wp-content\/uploads\/2023\/06\/Puebla_Portada.png\" srcset=\",http:\/\/russtico.com\/wp-content\/uploads\/2023\/06\/Puebla_Portada.png 1600w\" sizes=\"auto, 250px\"\/><\/a><\/div><div class=\"sgb-item\"><a href=\"http:\/\/russtico.com\/wp-content\/uploads\/2023\/06\/puebla-mexico-vacaciones.jpg\"><img decoding=\"async\" alt=\"\" width=\"1280\" height=\"853\" loading=\"lazy\" src=\"http:\/\/russtico.com\/wp-content\/uploads\/2023\/06\/puebla-mexico-vacaciones.jpg\" srcset=\",http:\/\/russtico.com\/wp-content\/uploads\/2023\/06\/puebla-mexico-vacaciones.jpg 1280w\" sizes=\"auto, 250px\"\/><\/a><\/div><div class=\"sgb-item\"><a href=\"http:\/\/russtico.com\/wp-content\/uploads\/2023\/06\/Puebla-Portada.jpg\"><img decoding=\"async\" alt=\"\" width=\"1920\" height=\"1080\" loading=\"lazy\" src=\"http:\/\/russtico.com\/wp-content\/uploads\/2023\/06\/Puebla-Portada.jpg\" srcset=\",http:\/\/russtico.com\/wp-content\/uploads\/2023\/06\/Puebla-Portada.jpg 1920w\" sizes=\"auto, 250px\"\/><\/a><\/div><div class=\"sgb-item\"><a href=\"http:\/\/russtico.com\/wp-content\/uploads\/2023\/06\/RIVIERA_MAYA_PLAYA_MAROMA.jpg\"><img decoding=\"async\" alt=\"\" width=\"1200\" height=\"700\" loading=\"lazy\" src=\"http:\/\/russtico.com\/wp-content\/uploads\/2023\/06\/RIVIERA_MAYA_PLAYA_MAROMA.jpg\" srcset=\",http:\/\/russtico.com\/wp-content\/uploads\/2023\/06\/RIVIERA_MAYA_PLAYA_MAROMA.jpg 1200w\" sizes=\"auto, 250px\"\/><\/a><\/div><div class=\"sgb-item\"><a href=\"http:\/\/russtico.com\/wp-content\/uploads\/2023\/06\/tulum.jpg\"><img decoding=\"async\" alt=\"\" width=\"800\" height=\"508\" loading=\"lazy\" src=\"http:\/\/russtico.com\/wp-content\/uploads\/2023\/06\/tulum.jpg\" srcset=\",http:\/\/russtico.com\/wp-content\/uploads\/2023\/06\/tulum.jpg 800w\" sizes=\"auto, 250px\"\/><\/a><\/div><div class=\"sgb-item\"><a href=\"http:\/\/russtico.com\/wp-content\/uploads\/2023\/01\/city-Puebla-Mexico.jpg\"><img decoding=\"async\" alt=\"\" width=\"1000\" height=\"733\" loading=\"lazy\" src=\"http:\/\/russtico.com\/wp-content\/uploads\/2023\/01\/city-Puebla-Mexico.jpg\" srcset=\",http:\/\/russtico.com\/wp-content\/uploads\/2023\/01\/city-Puebla-Mexico.jpg 1000w\" sizes=\"auto, 250px\"\/><\/a><\/div><div class=\"sgb-item\"><a href=\"http:\/\/russtico.com\/wp-content\/uploads\/2023\/01\/Castillo-De-Chapultepec-Mexico-City.jpg\"><img decoding=\"async\" alt=\"\" width=\"2560\" height=\"1440\" loading=\"lazy\" src=\"http:\/\/russtico.com\/wp-content\/uploads\/2023\/01\/Castillo-De-Chapultepec-Mexico-City.jpg\" srcset=\",http:\/\/russtico.com\/wp-content\/uploads\/2023\/01\/Castillo-De-Chapultepec-Mexico-City.jpg 2560w\" sizes=\"auto, 250px\"\/><\/a><\/div><\/div><\/div><script type=\"application\/json\" class=\"sgb-data\">{\"galleryType\":\"pgc_sgb_masonry\",\"galleryId\":\"40488557\",\"images\":[{\"id\":5330,\"title\":\"Canc\u00fan 2\",\"url\":\"http:\/\/russtico.com\/wp-content\/uploads\/2023\/06\/Cancun-2.jpg\",\"link\":\"https:\/\/russtico.com\/?attachment_id=5330\",\"alt\":\"\",\"description\":\"\",\"caption\":\"\",\"mime\":\"image\/jpeg\",\"type\":\"image\",\"width\":1200,\"height\":675,\"sizes\":{\"full\":{\"url\":\"http:\/\/russtico.com\/wp-content\/uploads\/2023\/06\/Cancun-2.jpg\",\"height\":675,\"width\":1200,\"orientation\":\"landscape\"}},\"imageMeta\":{\"aperture\":\"0\",\"credit\":\"\",\"camera\":\"\",\"caption\":\"\",\"created_timestamp\":\"0\",\"copyright\":\"\",\"focal_length\":\"0\",\"iso\":\"0\",\"shutter_speed\":\"0\",\"title\":\"\",\"orientation\":\"0\",\"keywords\":[]},\"meta\":false},{\"id\":5328,\"title\":\"puerto-vallarta-best-beaches-mexico\",\"url\":\"http:\/\/russtico.com\/wp-content\/uploads\/2023\/06\/puerto-vallarta-best-beaches-mexico.jpg\",\"link\":\"https:\/\/russtico.com\/?attachment_id=5328\",\"alt\":\"\",\"description\":\"\",\"caption\":\"\",\"mime\":\"image\/jpeg\",\"type\":\"image\",\"width\":1033,\"height\":600,\"sizes\":{\"full\":{\"url\":\"http:\/\/russtico.com\/wp-content\/uploads\/2023\/06\/puerto-vallarta-best-beaches-mexico.jpg\",\"height\":600,\"width\":1033,\"orientation\":\"landscape\"}},\"imageMeta\":{\"aperture\":\"0\",\"credit\":\"\",\"camera\":\"\",\"caption\":\"\",\"created_timestamp\":\"0\",\"copyright\":\"\",\"focal_length\":\"0\",\"iso\":\"0\",\"shutter_speed\":\"0\",\"title\":\"\",\"orientation\":\"0\",\"keywords\":[]},\"meta\":false},{\"id\":5315,\"title\":\"228992-Los-Sapos-Bazaar\",\"url\":\"http:\/\/russtico.com\/wp-content\/uploads\/2023\/06\/228992-Los-Sapos-Bazaar.jpg\",\"link\":\"https:\/\/russtico.com\/?attachment_id=5315\",\"alt\":\"\",\"description\":\"\",\"caption\":\"\",\"mime\":\"image\/jpeg\",\"type\":\"image\",\"width\":2560,\"height\":1440,\"sizes\":{\"full\":{\"url\":\"http:\/\/russtico.com\/wp-content\/uploads\/2023\/06\/228992-Los-Sapos-Bazaar.jpg\",\"height\":1440,\"width\":2560,\"orientation\":\"landscape\"}},\"imageMeta\":{\"aperture\":\"0\",\"credit\":\"\",\"camera\":\"\",\"caption\":\"\",\"created_timestamp\":\"0\",\"copyright\":\"\",\"focal_length\":\"0\",\"iso\":\"0\",\"shutter_speed\":\"0\",\"title\":\"\",\"orientation\":\"0\",\"keywords\":[]},\"meta\":false},{\"id\":5316,\"title\":\"beaches-of-puerto-vallarta-mexico\",\"url\":\"http:\/\/russtico.com\/wp-content\/uploads\/2023\/06\/beaches-of-puerto-vallarta-mexico.jpg\",\"link\":\"https:\/\/russtico.com\/?attachment_id=5316\",\"alt\":\"\",\"description\":\"\",\"caption\":\"\",\"mime\":\"image\/jpeg\",\"type\":\"image\",\"width\":1033,\"height\":600,\"sizes\":{\"full\":{\"url\":\"http:\/\/russtico.com\/wp-content\/uploads\/2023\/06\/beaches-of-puerto-vallarta-mexico.jpg\",\"height\":600,\"width\":1033,\"orientation\":\"landscape\"}},\"imageMeta\":{\"aperture\":\"0\",\"credit\":\"\",\"camera\":\"\",\"caption\":\"\",\"created_timestamp\":\"0\",\"copyright\":\"\",\"focal_length\":\"0\",\"iso\":\"0\",\"shutter_speed\":\"0\",\"title\":\"\",\"orientation\":\"0\",\"keywords\":[]},\"meta\":false},{\"id\":5317,\"title\":\"cabo-san-lucas\",\"url\":\"http:\/\/russtico.com\/wp-content\/uploads\/2023\/06\/cabo-san-lucas.jpg\",\"link\":\"https:\/\/russtico.com\/?attachment_id=5317\",\"alt\":\"\",\"description\":\"\",\"caption\":\"\",\"mime\":\"image\/jpeg\",\"type\":\"image\",\"width\":1200,\"height\":800,\"sizes\":{\"full\":{\"url\":\"http:\/\/russtico.com\/wp-content\/uploads\/2023\/06\/cabo-san-lucas.jpg\",\"height\":800,\"width\":1200,\"orientation\":\"landscape\"}},\"imageMeta\":{\"aperture\":\"0\",\"credit\":\"\",\"camera\":\"\",\"caption\":\"\",\"created_timestamp\":\"0\",\"copyright\":\"\",\"focal_length\":\"0\",\"iso\":\"0\",\"shutter_speed\":\"0\",\"title\":\"\",\"orientation\":\"0\",\"keywords\":[]},\"meta\":false},{\"id\":5319,\"title\":\"chichen-itza-ruins\",\"url\":\"http:\/\/russtico.com\/wp-content\/uploads\/2023\/06\/chichen-itza-ruins.jpg\",\"link\":\"https:\/\/russtico.com\/?attachment_id=5319\",\"alt\":\"\",\"description\":\"\",\"caption\":\"\",\"mime\":\"image\/jpeg\",\"type\":\"image\",\"width\":1920,\"height\":1024,\"sizes\":{\"full\":{\"url\":\"http:\/\/russtico.com\/wp-content\/uploads\/2023\/06\/chichen-itza-ruins.jpg\",\"height\":1024,\"width\":1920,\"orientation\":\"landscape\"}},\"imageMeta\":{\"aperture\":\"0\",\"credit\":\"\",\"camera\":\"\",\"caption\":\"\",\"created_timestamp\":\"0\",\"copyright\":\"\",\"focal_length\":\"0\",\"iso\":\"0\",\"shutter_speed\":\"0\",\"title\":\"\",\"orientation\":\"0\",\"keywords\":[]},\"meta\":false},{\"id\":5320,\"title\":\"Mexico-City\",\"url\":\"http:\/\/russtico.com\/wp-content\/uploads\/2023\/06\/Mexico-City.jpg\",\"link\":\"https:\/\/russtico.com\/?attachment_id=5320\",\"alt\":\"\",\"description\":\"\",\"caption\":\"\",\"mime\":\"image\/jpeg\",\"type\":\"image\",\"width\":1920,\"height\":1080,\"sizes\":{\"full\":{\"url\":\"http:\/\/russtico.com\/wp-content\/uploads\/2023\/06\/Mexico-City.jpg\",\"height\":1080,\"width\":1920,\"orientation\":\"landscape\"}},\"imageMeta\":{\"aperture\":\"0\",\"credit\":\"\",\"camera\":\"\",\"caption\":\"\",\"created_timestamp\":\"0\",\"copyright\":\"\",\"focal_length\":\"0\",\"iso\":\"0\",\"shutter_speed\":\"0\",\"title\":\"\",\"orientation\":\"0\",\"keywords\":[]},\"meta\":false},{\"id\":5321,\"title\":\"playa-del-carmen-cenote-square\",\"url\":\"http:\/\/russtico.com\/wp-content\/uploads\/2023\/06\/playa-del-carmen-cenote-square.jpg\",\"link\":\"https:\/\/russtico.com\/?attachment_id=5321\",\"alt\":\"\",\"description\":\"\",\"caption\":\"\",\"mime\":\"image\/jpeg\",\"type\":\"image\",\"width\":866,\"height\":578,\"sizes\":{\"full\":{\"url\":\"http:\/\/russtico.com\/wp-content\/uploads\/2023\/06\/playa-del-carmen-cenote-square.jpg\",\"height\":578,\"width\":866,\"orientation\":\"landscape\"}},\"imageMeta\":{\"aperture\":\"0\",\"credit\":\"\",\"camera\":\"\",\"caption\":\"\",\"created_timestamp\":\"0\",\"copyright\":\"\",\"focal_length\":\"0\",\"iso\":\"0\",\"shutter_speed\":\"0\",\"title\":\"\",\"orientation\":\"0\",\"keywords\":[]},\"meta\":false},{\"id\":5322,\"title\":\"Puebla_Portada\",\"url\":\"http:\/\/russtico.com\/wp-content\/uploads\/2023\/06\/Puebla_Portada.png\",\"link\":\"https:\/\/russtico.com\/?attachment_id=5322\",\"alt\":\"\",\"description\":\"\",\"caption\":\"\",\"mime\":\"image\/png\",\"type\":\"image\",\"width\":1600,\"height\":900,\"sizes\":{\"full\":{\"url\":\"http:\/\/russtico.com\/wp-content\/uploads\/2023\/06\/Puebla_Portada.png\",\"height\":900,\"width\":1600,\"orientation\":\"landscape\"}},\"imageMeta\":{\"aperture\":\"0\",\"credit\":\"\",\"camera\":\"\",\"caption\":\"\",\"created_timestamp\":\"0\",\"copyright\":\"\",\"focal_length\":\"0\",\"iso\":\"0\",\"shutter_speed\":\"0\",\"title\":\"\",\"orientation\":\"0\",\"keywords\":[]},\"meta\":false},{\"id\":5323,\"title\":\"puebla-mexico-vacaciones\",\"url\":\"http:\/\/russtico.com\/wp-content\/uploads\/2023\/06\/puebla-mexico-vacaciones.jpg\",\"link\":\"https:\/\/russtico.com\/?attachment_id=5323\",\"alt\":\"\",\"description\":\"\",\"caption\":\"\",\"mime\":\"image\/jpeg\",\"type\":\"image\",\"width\":1280,\"height\":853,\"sizes\":{\"full\":{\"url\":\"http:\/\/russtico.com\/wp-content\/uploads\/2023\/06\/puebla-mexico-vacaciones.jpg\",\"height\":853,\"width\":1280,\"orientation\":\"landscape\"}},\"imageMeta\":{\"aperture\":\"0\",\"credit\":\"\",\"camera\":\"\",\"caption\":\"\",\"created_timestamp\":\"0\",\"copyright\":\"\",\"focal_length\":\"0\",\"iso\":\"0\",\"shutter_speed\":\"0\",\"title\":\"\",\"orientation\":\"1\",\"keywords\":[]},\"meta\":false},{\"id\":5324,\"title\":\"Puebla-Portada\",\"url\":\"http:\/\/russtico.com\/wp-content\/uploads\/2023\/06\/Puebla-Portada.jpg\",\"link\":\"https:\/\/russtico.com\/?attachment_id=5324\",\"alt\":\"\",\"description\":\"\",\"caption\":\"\",\"mime\":\"image\/jpeg\",\"type\":\"image\",\"width\":1920,\"height\":1080,\"sizes\":{\"full\":{\"url\":\"http:\/\/russtico.com\/wp-content\/uploads\/2023\/06\/Puebla-Portada.jpg\",\"height\":1080,\"width\":1920,\"orientation\":\"landscape\"}},\"imageMeta\":{\"aperture\":\"0\",\"credit\":\"\",\"camera\":\"\",\"caption\":\"\",\"created_timestamp\":\"0\",\"copyright\":\"\",\"focal_length\":\"0\",\"iso\":\"0\",\"shutter_speed\":\"0\",\"title\":\"\",\"orientation\":\"0\",\"keywords\":[]},\"meta\":false},{\"id\":5325,\"title\":\"RIVIERA_MAYA_PLAYA_MAROMA\",\"url\":\"http:\/\/russtico.com\/wp-content\/uploads\/2023\/06\/RIVIERA_MAYA_PLAYA_MAROMA.jpg\",\"link\":\"https:\/\/russtico.com\/?attachment_id=5325\",\"alt\":\"\",\"description\":\"\",\"caption\":\"\",\"mime\":\"image\/jpeg\",\"type\":\"image\",\"width\":1200,\"height\":700,\"sizes\":{\"full\":{\"url\":\"http:\/\/russtico.com\/wp-content\/uploads\/2023\/06\/RIVIERA_MAYA_PLAYA_MAROMA.jpg\",\"height\":700,\"width\":1200,\"orientation\":\"landscape\"}},\"imageMeta\":{\"aperture\":\"0\",\"credit\":\"\",\"camera\":\"\",\"caption\":\"\",\"created_timestamp\":\"0\",\"copyright\":\"\",\"focal_length\":\"0\",\"iso\":\"0\",\"shutter_speed\":\"0\",\"title\":\"\",\"orientation\":\"0\",\"keywords\":[]},\"meta\":false},{\"id\":5326,\"title\":\"tulum\",\"url\":\"http:\/\/russtico.com\/wp-content\/uploads\/2023\/06\/tulum.jpg\",\"link\":\"https:\/\/russtico.com\/?attachment_id=5326\",\"alt\":\"\",\"description\":\"\",\"caption\":\"\",\"mime\":\"image\/jpeg\",\"type\":\"image\",\"width\":800,\"height\":508,\"sizes\":{\"full\":{\"url\":\"http:\/\/russtico.com\/wp-content\/uploads\/2023\/06\/tulum.jpg\",\"height\":508,\"width\":800,\"orientation\":\"landscape\"}},\"imageMeta\":{\"aperture\":\"0\",\"credit\":\"\",\"camera\":\"\",\"caption\":\"\",\"created_timestamp\":\"0\",\"copyright\":\"\",\"focal_length\":\"0\",\"iso\":\"0\",\"shutter_speed\":\"0\",\"title\":\"\",\"orientation\":\"0\",\"keywords\":[]},\"meta\":false},{\"id\":4568,\"title\":\"city-Puebla-Mexico\",\"url\":\"http:\/\/russtico.com\/wp-content\/uploads\/2023\/01\/city-Puebla-Mexico.jpg\",\"link\":\"https:\/\/russtico.com\/?attachment_id=4568\\u0026lang=es\",\"alt\":\"\",\"description\":\"\",\"caption\":\"\",\"mime\":\"image\/jpeg\",\"type\":\"image\",\"width\":1000,\"height\":733,\"sizes\":{\"full\":{\"url\":\"http:\/\/russtico.com\/wp-content\/uploads\/2023\/01\/city-Puebla-Mexico.jpg\",\"height\":733,\"width\":1000,\"orientation\":\"landscape\"}},\"imageMeta\":{\"aperture\":\"0\",\"credit\":\"\",\"camera\":\"\",\"caption\":\"\",\"created_timestamp\":\"0\",\"copyright\":\"\",\"focal_length\":\"0\",\"iso\":\"0\",\"shutter_speed\":\"0\",\"title\":\"\",\"orientation\":\"0\",\"keywords\":[]},\"meta\":false},{\"id\":4562,\"title\":\"Castillo-De-Chapultepec-Mexico-City\",\"url\":\"http:\/\/russtico.com\/wp-content\/uploads\/2023\/01\/Castillo-De-Chapultepec-Mexico-City.jpg\",\"link\":\"https:\/\/russtico.com\/?attachment_id=4562\\u0026lang=es\",\"alt\":\"\",\"description\":\"\",\"caption\":\"\",\"mime\":\"image\/jpeg\",\"type\":\"image\",\"width\":2560,\"height\":1440,\"sizes\":{\"full\":{\"url\":\"http:\/\/russtico.com\/wp-content\/uploads\/2023\/01\/Castillo-De-Chapultepec-Mexico-City.jpg\",\"height\":1440,\"width\":2560,\"orientation\":\"landscape\"}},\"imageMeta\":{\"aperture\":\"0\",\"credit\":\"\",\"camera\":\"\",\"caption\":\"\",\"created_timestamp\":\"0\",\"copyright\":\"\",\"focal_length\":\"0\",\"iso\":\"0\",\"shutter_speed\":\"0\",\"title\":\"\",\"orientation\":\"0\",\"keywords\":[]},\"meta\":false}],\"itemsMetaDataCollection\":[]}<\/script><script>(function(){if(window.PGC_SGB && window.PGC_SGB.searcher){window.PGC_SGB.searcher.initBlocks()}})()<\/script><\/div>","protected":false},"excerpt":{"rendered":"<p>\u00a1Bienvenidos a M\u00e9xico, un pa\u00eds lleno de encanto, cultura y paisajes asombrosos! En nuestra agencia de viajes, te invitamos a descubrir las maravillas de este destino fascinante y vibrante. M\u00e9xico es famoso en todo el mundo por su rica historia y su herencia cultural. Desde las antiguas civilizaciones mayas y aztecas hasta la influencia colonial [&hellip;]<\/p>\n","protected":false},"author":2,"featured_media":0,"parent":0,"menu_order":0,"comment_status":"closed","ping_status":"closed","template":"","meta":{"pgc_sgb_lightbox_settings":"","_bos_mb_destination":["",""],"footnotes":""},"class_list":["post-5331","page","type-page","status-publish","hentry"],"blocksy_meta":{"styles_descriptor":{"styles":{"desktop":"","tablet":"","mobile":""},"google_fonts":[],"version":6}},"_links":{"self":[{"href":"https:\/\/russtico.com\/index.php?rest_route=\/wp\/v2\/pages\/5331","targetHints":{"allow":["GET"]}}],"collection":[{"href":"https:\/\/russtico.com\/index.php?rest_route=\/wp\/v2\/pages"}],"about":[{"href":"https:\/\/russtico.com\/index.php?rest_route=\/wp\/v2\/types\/page"}],"author":[{"embeddable":true,"href":"https:\/\/russtico.com\/index.php?rest_route=\/wp\/v2\/users\/2"}],"replies":[{"embeddable":true,"href":"https:\/\/russtico.com\/index.php?rest_route=%2Fwp%2Fv2%2Fcomments&post=5331"}],"version-history":[{"count":1,"href":"https:\/\/russtico.com\/index.php?rest_route=\/wp\/v2\/pages\/5331\/revisions"}],"predecessor-version":[{"id":5769,"href":"https:\/\/russtico.com\/index.php?rest_route=\/wp\/v2\/pages\/5331\/revisions\/5769"}],"wp:attachment":[{"href":"https:\/\/russtico.com\/index.php?rest_route=%2Fwp%2Fv2%2Fmedia&parent=5331"}],"curies":[{"name":"wp","href":"https:\/\/api.w.org\/{rel}","templated":true}]}}