{"id":5308,"date":"2023-06-02T17:16:17","date_gmt":"2023-06-02T14:16:17","guid":{"rendered":"https:\/\/russtico.com\/?page_id=5308"},"modified":"2024-01-21T17:46:52","modified_gmt":"2024-01-21T14:46:52","slug":"bolivia-2","status":"publish","type":"page","link":"https:\/\/russtico.com\/?page_id=5308&lang=es","title":{"rendered":"Bolivia"},"content":{"rendered":"\n<p>\u00a1Bienvenidos a Bolivia, un destino m\u00e1gico que te sorprender\u00e1 en cada rinc\u00f3n! En nuestra agencia de viajes, te invitamos a descubrir la belleza natural, la rica cultura y la hospitalidad de este maravilloso pa\u00eds sudamericano.<\/p>\n\n\n\n<p>Bolivia ofrece una diversidad geogr\u00e1fica \u00fanica que cautiva a los visitantes. Desde la majestuosidad de los Andes y la imponente Cordillera Real hasta la exuberante selva amaz\u00f3nica y el impresionante Salar de Uyuni, el paisaje boliviano te dejar\u00e1 sin aliento. Podr\u00e1s explorar el misterioso Lago Titicaca, la joya azul de los Andes, y sumergirte en la cultura y las tradiciones de las comunidades ind\u00edgenas que lo rodean.<\/p>\n\n\n\n<p>La ciudad de La Paz, situada a gran altura, te ofrecer\u00e1 una experiencia \u00fanica. Podr\u00e1s pasear por sus animadas calles, visitar los mercados locales y deleitarte con la deliciosa gastronom\u00eda boliviana. No te pierdas la oportunidad de visitar el famoso Mercado de las Brujas, donde encontrar\u00e1s hierbas medicinales, amuletos y productos tradicionales.<\/p>\n\n\n\n<p>Si eres un amante de la aventura, Bolivia tiene mucho que ofrecerte. Podr\u00e1s hacer senderismo en los espectaculares paisajes de los Yungas, explorar el Parque Nacional Madidi y descubrir una incre\u00edble variedad de flora y fauna, o aventurarte en el Parque Nacional Toro Toro, conocido por sus formaciones geol\u00f3gicas \u00fanicas y huellas de dinosaurios.<\/p>\n\n\n\n<p>Bolivia tambi\u00e9n es rica en historia y cultura. Puedes visitar las antiguas ruinas de Tiwanaku, una civilizaci\u00f3n preincaica que dej\u00f3 un legado impresionante. Sum\u00e9rgete en la ciudad colonial de Sucre, declarada Patrimonio de la Humanidad por la UNESCO, con su arquitectura colonial bien conservada y su ambiente tranquilo. Y por supuesto, no puedes dejar de explorar el m\u00e1gico Salar de Uyuni, el mayor desierto de sal del mundo, donde podr\u00e1s disfrutar de paisajes surrealistas y atardeceres inolvidables.<\/p>\n\n\n\n<p>En nuestra agencia, nos enorgullece ofrecerte paquetes tur\u00edsticos personalizados que te permitir\u00e1n vivir una experiencia aut\u00e9ntica en Bolivia. Nuestro equipo de expertos en viajes te ayudar\u00e1 a planificar cada detalle de tu aventura, asegur\u00e1ndote un viaje inolvidable y lleno de momentos especiales.<\/p>\n\n\n<div class=\"pgc-sgb-cb wp-block-pgcsimplygalleryblock-masonry \" data-gallery-id=\"d3115303\"><div class=\"sgb-preloader\" id=\"pr_d3115303\">\n\t<div class=\"sgb-square\" style=\"background:#d4d4d4\"><\/div>\n\t<div class=\"sgb-square\" style=\"background:#d4d4d4\"><\/div>\n\t<div class=\"sgb-square\" style=\"background:#d4d4d4\"><\/div>\n\t<div class=\"sgb-square\" style=\"background:#d4d4d4\"><\/div><\/div><div class=\"simply-gallery-amp pgc_sgb_slider \" style=\"display: none;\"><div class=\"sgb-gallery\"><div class=\"sgb-item\"><a href=\"http:\/\/russtico.com\/wp-content\/uploads\/2023\/05\/Salar-de-Uyuni-2-2.jpg\"><img decoding=\"async\" alt=\"\" width=\"888\" height=\"593\" loading=\"lazy\" src=\"http:\/\/russtico.com\/wp-content\/uploads\/2023\/05\/Salar-de-Uyuni-2-2.jpg\" srcset=\",http:\/\/russtico.com\/wp-content\/uploads\/2023\/05\/Salar-de-Uyuni-2-2.jpg 888w\" sizes=\"auto, 250px\"\/><\/a><\/div><div class=\"sgb-item\"><a href=\"http:\/\/russtico.com\/wp-content\/uploads\/2023\/05\/Salar-de-Uyuni-3-2.jpg\"><img decoding=\"async\" alt=\"\" width=\"900\" height=\"600\" loading=\"lazy\" src=\"http:\/\/russtico.com\/wp-content\/uploads\/2023\/05\/Salar-de-Uyuni-3-2.jpg\" srcset=\",http:\/\/russtico.com\/wp-content\/uploads\/2023\/05\/Salar-de-Uyuni-3-2.jpg 900w\" sizes=\"auto, 250px\"\/><\/a><\/div><div class=\"sgb-item\"><a href=\"http:\/\/russtico.com\/wp-content\/uploads\/2023\/05\/Santa-Cruz.jpg\"><img decoding=\"async\" alt=\"\" width=\"3600\" height=\"2400\" loading=\"lazy\" src=\"http:\/\/russtico.com\/wp-content\/uploads\/2023\/05\/Santa-Cruz.jpg\" srcset=\",http:\/\/russtico.com\/wp-content\/uploads\/2023\/05\/Santa-Cruz.jpg 3600w\" sizes=\"auto, 250px\"\/><\/a><\/div><div class=\"sgb-item\"><a href=\"http:\/\/russtico.com\/wp-content\/uploads\/2023\/05\/Sucre-3.jpg\"><img decoding=\"async\" alt=\"\" width=\"1068\" height=\"711\" loading=\"lazy\" src=\"http:\/\/russtico.com\/wp-content\/uploads\/2023\/05\/Sucre-3.jpg\" srcset=\",http:\/\/russtico.com\/wp-content\/uploads\/2023\/05\/Sucre-3.jpg 1068w\" sizes=\"auto, 250px\"\/><\/a><\/div><div class=\"sgb-item\"><a href=\"http:\/\/russtico.com\/wp-content\/uploads\/2023\/05\/Sucre-4-2.jpg\"><img decoding=\"async\" alt=\"\" width=\"1746\" height=\"1164\" loading=\"lazy\" src=\"http:\/\/russtico.com\/wp-content\/uploads\/2023\/05\/Sucre-4-2.jpg\" srcset=\",http:\/\/russtico.com\/wp-content\/uploads\/2023\/05\/Sucre-4-2.jpg 1746w\" sizes=\"auto, 250px\"\/><\/a><\/div><div class=\"sgb-item\"><a href=\"http:\/\/russtico.com\/wp-content\/uploads\/2023\/05\/\u0420\u044b\u0431\u0430\u043b\u043a\u0430-\u0432-\u0410\u043c\u0430\u0437\u043e\u043d\u0438\u0438-3.jpg\"><img decoding=\"async\" alt=\"\" width=\"1080\" height=\"810\" loading=\"lazy\" src=\"http:\/\/russtico.com\/wp-content\/uploads\/2023\/05\/\u0420\u044b\u0431\u0430\u043b\u043a\u0430-\u0432-\u0410\u043c\u0430\u0437\u043e\u043d\u0438\u0438-3.jpg\" srcset=\",http:\/\/russtico.com\/wp-content\/uploads\/2023\/05\/\u0420\u044b\u0431\u0430\u043b\u043a\u0430-\u0432-\u0410\u043c\u0430\u0437\u043e\u043d\u0438\u0438-3.jpg 1080w\" sizes=\"auto, 250px\"\/><\/a><\/div><div class=\"sgb-item\"><a href=\"http:\/\/russtico.com\/wp-content\/uploads\/2023\/05\/IMG_1194.jpeg\"><img decoding=\"async\" alt=\"\" width=\"4032\" height=\"2268\" loading=\"lazy\" src=\"http:\/\/russtico.com\/wp-content\/uploads\/2023\/05\/IMG_1194.jpeg\" srcset=\",http:\/\/russtico.com\/wp-content\/uploads\/2023\/05\/IMG_1194.jpeg 4032w\" sizes=\"auto, 250px\"\/><\/a><\/div><div class=\"sgb-item\"><a href=\"http:\/\/russtico.com\/wp-content\/uploads\/2023\/05\/IMG_4122.jpg\"><img decoding=\"async\" alt=\"\" width=\"5184\" height=\"2912\" loading=\"lazy\" src=\"http:\/\/russtico.com\/wp-content\/uploads\/2023\/05\/IMG_4122.jpg\" srcset=\",http:\/\/russtico.com\/wp-content\/uploads\/2023\/05\/IMG_4122.jpg 5184w\" sizes=\"auto, 250px\"\/><\/a><\/div><div class=\"sgb-item\"><a href=\"http:\/\/russtico.com\/wp-content\/uploads\/2026\/03\/Vinedos-Tarija.jpg\"><img decoding=\"async\" alt=\"\" width=\"2048\" height=\"1364\" loading=\"lazy\" src=\"http:\/\/russtico.com\/wp-content\/uploads\/2026\/03\/Vinedos-Tarija.jpg\" srcset=\",http:\/\/russtico.com\/wp-content\/uploads\/2026\/03\/Vinedos-Tarija.jpg 2048w\" sizes=\"auto, 250px\"\/><\/a><\/div><div class=\"sgb-item\"><a href=\"http:\/\/russtico.com\/wp-content\/uploads\/2026\/03\/Tupiza.jpg\"><img decoding=\"async\" alt=\"\" width=\"1194\" height=\"600\" loading=\"lazy\" src=\"http:\/\/russtico.com\/wp-content\/uploads\/2026\/03\/Tupiza.jpg\" srcset=\",http:\/\/russtico.com\/wp-content\/uploads\/2026\/03\/Tupiza.jpg 1194w\" sizes=\"auto, 250px\"\/><\/a><\/div><div class=\"sgb-item\"><a href=\"http:\/\/russtico.com\/wp-content\/uploads\/2026\/03\/toroyoj-1-Tupiza.jpg\"><img decoding=\"async\" alt=\"\" width=\"1280\" height=\"720\" loading=\"lazy\" src=\"http:\/\/russtico.com\/wp-content\/uploads\/2026\/03\/toroyoj-1-Tupiza.jpg\" srcset=\",http:\/\/russtico.com\/wp-content\/uploads\/2026\/03\/toroyoj-1-Tupiza.jpg 1280w\" sizes=\"auto, 250px\"\/><\/a><\/div><div class=\"sgb-item\"><a href=\"http:\/\/russtico.com\/wp-content\/uploads\/2026\/03\/Sucre.jpg\"><img decoding=\"async\" alt=\"\" width=\"1194\" height=\"600\" loading=\"lazy\" src=\"http:\/\/russtico.com\/wp-content\/uploads\/2026\/03\/Sucre.jpg\" srcset=\",http:\/\/russtico.com\/wp-content\/uploads\/2026\/03\/Sucre.jpg 1194w\" sizes=\"auto, 250px\"\/><\/a><\/div><div class=\"sgb-item\"><a href=\"http:\/\/russtico.com\/wp-content\/uploads\/2026\/03\/La-Paz-3.jpg\"><img decoding=\"async\" alt=\"\" width=\"1194\" height=\"600\" loading=\"lazy\" src=\"http:\/\/russtico.com\/wp-content\/uploads\/2026\/03\/La-Paz-3.jpg\" srcset=\",http:\/\/russtico.com\/wp-content\/uploads\/2026\/03\/La-Paz-3.jpg 1194w\" sizes=\"auto, 250px\"\/><\/a><\/div><div class=\"sgb-item\"><a href=\"http:\/\/russtico.com\/wp-content\/uploads\/2026\/03\/GettyImages-541241628-1.jpg\"><img decoding=\"async\" alt=\"\" width=\"856\" height=\"570\" loading=\"lazy\" src=\"http:\/\/russtico.com\/wp-content\/uploads\/2026\/03\/GettyImages-541241628-1.jpg\" srcset=\",http:\/\/russtico.com\/wp-content\/uploads\/2026\/03\/GettyImages-541241628-1.jpg 856w\" sizes=\"auto, 250px\"\/><\/a><\/div><div class=\"sgb-item\"><a href=\"http:\/\/russtico.com\/wp-content\/uploads\/2022\/04\/reflection-salar-de-uyuni-bolivia.jpg\"><img decoding=\"async\" alt=\"\" width=\"1600\" height=\"1067\" loading=\"lazy\" src=\"http:\/\/russtico.com\/wp-content\/uploads\/2022\/04\/reflection-salar-de-uyuni-bolivia.jpg\" srcset=\",http:\/\/russtico.com\/wp-content\/uploads\/2022\/04\/reflection-salar-de-uyuni-bolivia.jpg 1600w\" sizes=\"auto, 250px\"\/><\/a><\/div><div class=\"sgb-item\"><a href=\"http:\/\/russtico.com\/wp-content\/uploads\/2023\/02\/inca-statues-at-copacabana-bolivia-aidan-moran-1.jpg\"><img decoding=\"async\" alt=\"\" width=\"900\" height=\"600\" loading=\"lazy\" src=\"http:\/\/russtico.com\/wp-content\/uploads\/2023\/02\/inca-statues-at-copacabana-bolivia-aidan-moran-1.jpg\" srcset=\",http:\/\/russtico.com\/wp-content\/uploads\/2023\/02\/inca-statues-at-copacabana-bolivia-aidan-moran-1.jpg 900w\" sizes=\"auto, 250px\"\/><\/a><\/div><div class=\"sgb-item\"><a href=\"http:\/\/russtico.com\/wp-content\/uploads\/2023\/02\/Bolivia-Copacabana-aerial.jpg\"><img decoding=\"async\" alt=\"\" width=\"1170\" height=\"780\" loading=\"lazy\" src=\"http:\/\/russtico.com\/wp-content\/uploads\/2023\/02\/Bolivia-Copacabana-aerial.jpg\" srcset=\",http:\/\/russtico.com\/wp-content\/uploads\/2023\/02\/Bolivia-Copacabana-aerial.jpg 1170w\" sizes=\"auto, 250px\"\/><\/a><\/div><\/div><\/div><script type=\"application\/json\" class=\"sgb-data\">{\"galleryType\":\"pgc_sgb_masonry\",\"galleryId\":\"d3115303\",\"images\":[{\"id\":6420,\"title\":\"Salar de Uyuni 2 (2)\",\"url\":\"http:\/\/russtico.com\/wp-content\/uploads\/2023\/05\/Salar-de-Uyuni-2-2.jpg\",\"link\":\"https:\/\/russtico.com\/?attachment_id=6420\",\"alt\":\"\",\"description\":\"\",\"caption\":\"\",\"mime\":\"image\/jpeg\",\"type\":\"image\",\"width\":888,\"height\":593,\"sizes\":{\"full\":{\"url\":\"http:\/\/russtico.com\/wp-content\/uploads\/2023\/05\/Salar-de-Uyuni-2-2.jpg\",\"height\":593,\"width\":888,\"orientation\":\"landscape\"}},\"imageMeta\":{\"aperture\":\"0\",\"credit\":\"\",\"camera\":\"\",\"caption\":\"\",\"created_timestamp\":\"1676709228\",\"copyright\":\"\",\"focal_length\":\"0\",\"iso\":\"0\",\"shutter_speed\":\"0\",\"title\":\"\",\"orientation\":\"1\",\"keywords\":[]},\"meta\":false},{\"id\":6421,\"title\":\"Salar de Uyuni 3 (2)\",\"url\":\"http:\/\/russtico.com\/wp-content\/uploads\/2023\/05\/Salar-de-Uyuni-3-2.jpg\",\"link\":\"https:\/\/russtico.com\/?attachment_id=6421\",\"alt\":\"\",\"description\":\"\",\"caption\":\"\",\"mime\":\"image\/jpeg\",\"type\":\"image\",\"width\":900,\"height\":600,\"sizes\":{\"full\":{\"url\":\"http:\/\/russtico.com\/wp-content\/uploads\/2023\/05\/Salar-de-Uyuni-3-2.jpg\",\"height\":600,\"width\":900,\"orientation\":\"landscape\"}},\"imageMeta\":{\"aperture\":\"0\",\"credit\":\"\",\"camera\":\"\",\"caption\":\"\",\"created_timestamp\":\"1676709249\",\"copyright\":\"\",\"focal_length\":\"0\",\"iso\":\"0\",\"shutter_speed\":\"0\",\"title\":\"\",\"orientation\":\"1\",\"keywords\":[]},\"meta\":false},{\"id\":6422,\"title\":\"Santa Cruz\",\"url\":\"http:\/\/russtico.com\/wp-content\/uploads\/2023\/05\/Santa-Cruz.jpg\",\"link\":\"https:\/\/russtico.com\/?attachment_id=6422\",\"alt\":\"\",\"description\":\"\",\"caption\":\"\",\"mime\":\"image\/jpeg\",\"type\":\"image\",\"width\":3600,\"height\":2400,\"sizes\":{\"full\":{\"url\":\"http:\/\/russtico.com\/wp-content\/uploads\/2023\/05\/Santa-Cruz.jpg\",\"height\":2400,\"width\":3600,\"orientation\":\"landscape\"}},\"imageMeta\":{\"aperture\":\"0\",\"credit\":\"\",\"camera\":\"\",\"caption\":\"\",\"created_timestamp\":\"0\",\"copyright\":\"\",\"focal_length\":\"0\",\"iso\":\"0\",\"shutter_speed\":\"0\",\"title\":\"\",\"orientation\":\"1\",\"keywords\":[]},\"meta\":false},{\"id\":6423,\"title\":\"Sucre 3\",\"url\":\"http:\/\/russtico.com\/wp-content\/uploads\/2023\/05\/Sucre-3.jpg\",\"link\":\"https:\/\/russtico.com\/?attachment_id=6423\",\"alt\":\"\",\"description\":\"\",\"caption\":\"\",\"mime\":\"image\/jpeg\",\"type\":\"image\",\"width\":1068,\"height\":711,\"sizes\":{\"full\":{\"url\":\"http:\/\/russtico.com\/wp-content\/uploads\/2023\/05\/Sucre-3.jpg\",\"height\":711,\"width\":1068,\"orientation\":\"landscape\"}},\"imageMeta\":{\"aperture\":\"0\",\"credit\":\"\",\"camera\":\"\",\"caption\":\"\",\"created_timestamp\":\"0\",\"copyright\":\"\",\"focal_length\":\"0\",\"iso\":\"0\",\"shutter_speed\":\"0\",\"title\":\"\",\"orientation\":\"0\",\"keywords\":[]},\"meta\":false},{\"id\":6424,\"title\":\"Sucre 4 (2)\",\"url\":\"http:\/\/russtico.com\/wp-content\/uploads\/2023\/05\/Sucre-4-2.jpg\",\"link\":\"https:\/\/russtico.com\/?attachment_id=6424\",\"alt\":\"\",\"description\":\"\",\"caption\":\"\",\"mime\":\"image\/jpeg\",\"type\":\"image\",\"width\":1746,\"height\":1164,\"sizes\":{\"full\":{\"url\":\"http:\/\/russtico.com\/wp-content\/uploads\/2023\/05\/Sucre-4-2.jpg\",\"height\":1164,\"width\":1746,\"orientation\":\"landscape\"}},\"imageMeta\":{\"aperture\":\"0\",\"credit\":\"\",\"camera\":\"\",\"caption\":\"\",\"created_timestamp\":\"1676707766\",\"copyright\":\"\",\"focal_length\":\"0\",\"iso\":\"0\",\"shutter_speed\":\"0\",\"title\":\"\",\"orientation\":\"1\",\"keywords\":[]},\"meta\":false},{\"id\":6425,\"title\":\"\u0420\u044b\u0431\u0430\u043b\u043a\u0430 \u0432 \u0410\u043c\u0430\u0437\u043e\u043d\u0438\u0438 3\",\"url\":\"http:\/\/russtico.com\/wp-content\/uploads\/2023\/05\/\u0420\u044b\u0431\u0430\u043b\u043a\u0430-\u0432-\u0410\u043c\u0430\u0437\u043e\u043d\u0438\u0438-3.jpg\",\"link\":\"https:\/\/russtico.com\/?attachment_id=6425\",\"alt\":\"\",\"description\":\"\",\"caption\":\"\",\"mime\":\"image\/jpeg\",\"type\":\"image\",\"width\":1080,\"height\":810,\"sizes\":{\"full\":{\"url\":\"http:\/\/russtico.com\/wp-content\/uploads\/2023\/05\/\u0420\u044b\u0431\u0430\u043b\u043a\u0430-\u0432-\u0410\u043c\u0430\u0437\u043e\u043d\u0438\u0438-3.jpg\",\"height\":810,\"width\":1080,\"orientation\":\"landscape\"}},\"imageMeta\":{\"aperture\":\"0\",\"credit\":\"\",\"camera\":\"\",\"caption\":\"\",\"created_timestamp\":\"0\",\"copyright\":\"\",\"focal_length\":\"0\",\"iso\":\"0\",\"shutter_speed\":\"0\",\"title\":\"\",\"orientation\":\"0\",\"keywords\":[]},\"meta\":false},{\"id\":6419,\"title\":\"IMG_1194\",\"url\":\"http:\/\/russtico.com\/wp-content\/uploads\/2023\/05\/IMG_1194.jpeg\",\"link\":\"https:\/\/russtico.com\/?attachment_id=6419\",\"alt\":\"\",\"description\":\"\",\"caption\":\"\",\"mime\":\"image\/jpeg\",\"type\":\"image\",\"width\":4032,\"height\":2268,\"sizes\":{\"full\":{\"url\":\"http:\/\/russtico.com\/wp-content\/uploads\/2023\/05\/IMG_1194.jpeg\",\"height\":2268,\"width\":4032,\"orientation\":\"landscape\"}},\"imageMeta\":{\"aperture\":\"1.6\",\"credit\":\"\",\"camera\":\"iPhone 13\",\"caption\":\"\",\"created_timestamp\":\"1654259574\",\"copyright\":\"\",\"focal_length\":\"5.1\",\"iso\":\"50\",\"shutter_speed\":\"0.00031897926634769\",\"title\":\"\",\"orientation\":\"1\",\"keywords\":[]},\"meta\":false},{\"id\":6418,\"title\":\"IMG_4122\",\"url\":\"http:\/\/russtico.com\/wp-content\/uploads\/2023\/05\/IMG_4122.jpg\",\"link\":\"https:\/\/russtico.com\/?attachment_id=6418\",\"alt\":\"\",\"description\":\"\",\"caption\":\"\",\"mime\":\"image\/jpeg\",\"type\":\"image\",\"width\":5184,\"height\":2912,\"sizes\":{\"full\":{\"url\":\"http:\/\/russtico.com\/wp-content\/uploads\/2023\/05\/IMG_4122.jpg\",\"height\":2912,\"width\":5184,\"orientation\":\"landscape\"}},\"imageMeta\":{\"aperture\":\"5.6\",\"credit\":\"\",\"camera\":\"Canon PowerShot SX70 HS\",\"caption\":\"\",\"created_timestamp\":\"1515192460\",\"copyright\":\"\",\"focal_length\":\"54.347\",\"iso\":\"100\",\"shutter_speed\":\"0.00125\",\"title\":\"\",\"orientation\":\"1\",\"keywords\":[]},\"meta\":false},{\"id\":6411,\"title\":\"Vi\u00f1edos Tarija\",\"url\":\"http:\/\/russtico.com\/wp-content\/uploads\/2026\/03\/Vinedos-Tarija.jpg\",\"link\":\"https:\/\/russtico.com\/?attachment_id=6411\",\"alt\":\"\",\"description\":\"\",\"caption\":\"\",\"mime\":\"image\/jpeg\",\"type\":\"image\",\"width\":2048,\"height\":1364,\"sizes\":{\"full\":{\"url\":\"http:\/\/russtico.com\/wp-content\/uploads\/2026\/03\/Vinedos-Tarija.jpg\",\"height\":1364,\"width\":2048,\"orientation\":\"landscape\"}},\"imageMeta\":{\"aperture\":\"0\",\"credit\":\"\",\"camera\":\"\",\"caption\":\"\",\"created_timestamp\":\"0\",\"copyright\":\"\",\"focal_length\":\"0\",\"iso\":\"0\",\"shutter_speed\":\"0\",\"title\":\"\",\"orientation\":\"0\",\"keywords\":[]},\"meta\":false},{\"id\":6410,\"title\":\"Tupiza\",\"url\":\"http:\/\/russtico.com\/wp-content\/uploads\/2026\/03\/Tupiza.jpg\",\"link\":\"https:\/\/russtico.com\/?attachment_id=6410\",\"alt\":\"\",\"description\":\"\",\"caption\":\"\",\"mime\":\"image\/jpeg\",\"type\":\"image\",\"width\":1194,\"height\":600,\"sizes\":{\"full\":{\"url\":\"http:\/\/russtico.com\/wp-content\/uploads\/2026\/03\/Tupiza.jpg\",\"height\":600,\"width\":1194,\"orientation\":\"landscape\"}},\"imageMeta\":{\"aperture\":\"0\",\"credit\":\"\",\"camera\":\"\",\"caption\":\"\",\"created_timestamp\":\"0\",\"copyright\":\"\",\"focal_length\":\"0\",\"iso\":\"0\",\"shutter_speed\":\"0\",\"title\":\"\",\"orientation\":\"0\",\"keywords\":[]},\"meta\":false},{\"id\":6409,\"title\":\"toroyoj-1 Tupiza\",\"url\":\"http:\/\/russtico.com\/wp-content\/uploads\/2026\/03\/toroyoj-1-Tupiza.jpg\",\"link\":\"https:\/\/russtico.com\/?attachment_id=6409\",\"alt\":\"\",\"description\":\"\",\"caption\":\"\",\"mime\":\"image\/jpeg\",\"type\":\"image\",\"width\":1280,\"height\":720,\"sizes\":{\"full\":{\"url\":\"http:\/\/russtico.com\/wp-content\/uploads\/2026\/03\/toroyoj-1-Tupiza.jpg\",\"height\":720,\"width\":1280,\"orientation\":\"landscape\"}},\"imageMeta\":{\"aperture\":\"0\",\"credit\":\"\",\"camera\":\"\",\"caption\":\"\",\"created_timestamp\":\"0\",\"copyright\":\"\",\"focal_length\":\"0\",\"iso\":\"0\",\"shutter_speed\":\"0\",\"title\":\"\",\"orientation\":\"1\",\"keywords\":[]},\"meta\":false},{\"id\":6408,\"title\":\"Sucre\",\"url\":\"http:\/\/russtico.com\/wp-content\/uploads\/2026\/03\/Sucre.jpg\",\"link\":\"https:\/\/russtico.com\/?attachment_id=6408\",\"alt\":\"\",\"description\":\"\",\"caption\":\"\",\"mime\":\"image\/jpeg\",\"type\":\"image\",\"width\":1194,\"height\":600,\"sizes\":{\"full\":{\"url\":\"http:\/\/russtico.com\/wp-content\/uploads\/2026\/03\/Sucre.jpg\",\"height\":600,\"width\":1194,\"orientation\":\"landscape\"}},\"imageMeta\":{\"aperture\":\"0\",\"credit\":\"\",\"camera\":\"\",\"caption\":\"\",\"created_timestamp\":\"0\",\"copyright\":\"\",\"focal_length\":\"0\",\"iso\":\"0\",\"shutter_speed\":\"0\",\"title\":\"\",\"orientation\":\"0\",\"keywords\":[]},\"meta\":false},{\"id\":6407,\"title\":\"La Paz 3\",\"url\":\"http:\/\/russtico.com\/wp-content\/uploads\/2026\/03\/La-Paz-3.jpg\",\"link\":\"https:\/\/russtico.com\/?attachment_id=6407\",\"alt\":\"\",\"description\":\"\",\"caption\":\"\",\"mime\":\"image\/jpeg\",\"type\":\"image\",\"width\":1194,\"height\":600,\"sizes\":{\"full\":{\"url\":\"http:\/\/russtico.com\/wp-content\/uploads\/2026\/03\/La-Paz-3.jpg\",\"height\":600,\"width\":1194,\"orientation\":\"landscape\"}},\"imageMeta\":{\"aperture\":\"0\",\"credit\":\"\",\"camera\":\"\",\"caption\":\"\",\"created_timestamp\":\"0\",\"copyright\":\"\",\"focal_length\":\"0\",\"iso\":\"0\",\"shutter_speed\":\"0\",\"title\":\"\",\"orientation\":\"0\",\"keywords\":[]},\"meta\":false},{\"id\":6406,\"title\":\"GettyImages-541241628 (1)\",\"url\":\"http:\/\/russtico.com\/wp-content\/uploads\/2026\/03\/GettyImages-541241628-1.jpg\",\"link\":\"https:\/\/russtico.com\/?attachment_id=6406\",\"alt\":\"\",\"description\":\"\",\"caption\":\"\",\"mime\":\"image\/jpeg\",\"type\":\"image\",\"width\":856,\"height\":570,\"sizes\":{\"full\":{\"url\":\"http:\/\/russtico.com\/wp-content\/uploads\/2026\/03\/GettyImages-541241628-1.jpg\",\"height\":570,\"width\":856,\"orientation\":\"landscape\"}},\"imageMeta\":{\"aperture\":\"0\",\"credit\":\"\",\"camera\":\"\",\"caption\":\"\",\"created_timestamp\":\"0\",\"copyright\":\"\",\"focal_length\":\"0\",\"iso\":\"0\",\"shutter_speed\":\"0\",\"title\":\"\",\"orientation\":\"0\",\"keywords\":[]},\"meta\":false},{\"id\":3745,\"title\":\"reflection-salar-de-uyuni-bolivia\",\"url\":\"http:\/\/russtico.com\/wp-content\/uploads\/2022\/04\/reflection-salar-de-uyuni-bolivia.jpg\",\"link\":\"https:\/\/russtico.com\/?attachment_id=3745\",\"alt\":\"\",\"description\":\"\",\"caption\":\"\",\"mime\":\"image\/jpeg\",\"type\":\"image\",\"width\":1600,\"height\":1067,\"sizes\":{\"full\":{\"url\":\"http:\/\/russtico.com\/wp-content\/uploads\/2022\/04\/reflection-salar-de-uyuni-bolivia.jpg\",\"height\":1067,\"width\":1600,\"orientation\":\"landscape\"}},\"imageMeta\":{\"aperture\":\"0\",\"credit\":\"\",\"camera\":\"\",\"caption\":\"\",\"created_timestamp\":\"0\",\"copyright\":\"\",\"focal_length\":\"0\",\"iso\":\"0\",\"shutter_speed\":\"0\",\"title\":\"\",\"orientation\":\"0\",\"keywords\":[]},\"meta\":false},{\"id\":4772,\"title\":\"inca-statues-at-copacabana-bolivia-aidan-moran\",\"url\":\"http:\/\/russtico.com\/wp-content\/uploads\/2023\/02\/inca-statues-at-copacabana-bolivia-aidan-moran-1.jpg\",\"link\":\"https:\/\/russtico.com\/?attachment_id=4772\\u0026lang=es\",\"alt\":\"\",\"description\":\"\",\"caption\":\"\",\"mime\":\"image\/jpeg\",\"type\":\"image\",\"width\":900,\"height\":600,\"sizes\":{\"full\":{\"url\":\"http:\/\/russtico.com\/wp-content\/uploads\/2023\/02\/inca-statues-at-copacabana-bolivia-aidan-moran-1.jpg\",\"height\":600,\"width\":900,\"orientation\":\"landscape\"}},\"imageMeta\":{\"aperture\":\"0\",\"credit\":\"\",\"camera\":\"\",\"caption\":\"\",\"created_timestamp\":\"0\",\"copyright\":\"\",\"focal_length\":\"0\",\"iso\":\"0\",\"shutter_speed\":\"0\",\"title\":\"\",\"orientation\":\"0\",\"keywords\":[]},\"meta\":false},{\"id\":4769,\"title\":\"Bolivia-Copacabana-aerial\",\"url\":\"http:\/\/russtico.com\/wp-content\/uploads\/2023\/02\/Bolivia-Copacabana-aerial.jpg\",\"link\":\"https:\/\/russtico.com\/?attachment_id=4769\\u0026lang=es\",\"alt\":\"\",\"description\":\"\",\"caption\":\"\",\"mime\":\"image\/jpeg\",\"type\":\"image\",\"width\":1170,\"height\":780,\"sizes\":{\"full\":{\"url\":\"http:\/\/russtico.com\/wp-content\/uploads\/2023\/02\/Bolivia-Copacabana-aerial.jpg\",\"height\":780,\"width\":1170,\"orientation\":\"landscape\"}},\"imageMeta\":{\"aperture\":\"0\",\"credit\":\"\",\"camera\":\"\",\"caption\":\"\",\"created_timestamp\":\"0\",\"copyright\":\"\",\"focal_length\":\"0\",\"iso\":\"0\",\"shutter_speed\":\"0\",\"title\":\"\",\"orientation\":\"0\",\"keywords\":[]},\"meta\":false}],\"itemsMetaDataCollection\":[]}<\/script><script>(function(){if(window.PGC_SGB && window.PGC_SGB.searcher){window.PGC_SGB.searcher.initBlocks()}})()<\/script><\/div>","protected":false},"excerpt":{"rendered":"<p>\u00a1Bienvenidos a Bolivia, un destino m\u00e1gico que te sorprender\u00e1 en cada rinc\u00f3n! En nuestra agencia de viajes, te invitamos a descubrir la belleza natural, la rica cultura y la hospitalidad de este maravilloso pa\u00eds sudamericano. Bolivia ofrece una diversidad geogr\u00e1fica \u00fanica que cautiva a los visitantes. Desde la majestuosidad de los Andes y la imponente [&hellip;]<\/p>\n","protected":false},"author":2,"featured_media":0,"parent":0,"menu_order":0,"comment_status":"closed","ping_status":"closed","template":"","meta":{"pgc_sgb_lightbox_settings":"","_bos_mb_destination":["",""],"footnotes":""},"class_list":["post-5308","page","type-page","status-publish","hentry"],"blocksy_meta":{"styles_descriptor":{"styles":{"desktop":"","tablet":"","mobile":""},"google_fonts":[],"version":6}},"_links":{"self":[{"href":"https:\/\/russtico.com\/index.php?rest_route=\/wp\/v2\/pages\/5308","targetHints":{"allow":["GET"]}}],"collection":[{"href":"https:\/\/russtico.com\/index.php?rest_route=\/wp\/v2\/pages"}],"about":[{"href":"https:\/\/russtico.com\/index.php?rest_route=\/wp\/v2\/types\/page"}],"author":[{"embeddable":true,"href":"https:\/\/russtico.com\/index.php?rest_route=\/wp\/v2\/users\/2"}],"replies":[{"embeddable":true,"href":"https:\/\/russtico.com\/index.php?rest_route=%2Fwp%2Fv2%2Fcomments&post=5308"}],"version-history":[{"count":1,"href":"https:\/\/russtico.com\/index.php?rest_route=\/wp\/v2\/pages\/5308\/revisions"}],"predecessor-version":[{"id":5768,"href":"https:\/\/russtico.com\/index.php?rest_route=\/wp\/v2\/pages\/5308\/revisions\/5768"}],"wp:attachment":[{"href":"https:\/\/russtico.com\/index.php?rest_route=%2Fwp%2Fv2%2Fmedia&parent=5308"}],"curies":[{"name":"wp","href":"https:\/\/api.w.org\/{rel}","templated":true}]}}