{"id":5302,"date":"2023-06-02T16:25:34","date_gmt":"2023-06-02T13:25:34","guid":{"rendered":"https:\/\/russtico.com\/?page_id=5302"},"modified":"2024-01-21T17:33:51","modified_gmt":"2024-01-21T14:33:51","slug":"argentina","status":"publish","type":"page","link":"https:\/\/russtico.com\/?page_id=5302&lang=es","title":{"rendered":"Argentina"},"content":{"rendered":"\n<p>\u00a1Bienvenidos a Argentina, un destino lleno de maravillas naturales y culturales! En nuestra agencia de viajes, te invitamos a descubrir la belleza y la diversidad de este fascinante pa\u00eds sudamericano.<\/p>\n\n\n\n<p>Argentina te sorprender\u00e1 con sus paisajes impresionantes, desde las majestuosas cataratas del Iguaz\u00fa en el norte hasta la imponente belleza de la Patagonia en el sur. Podr\u00e1s explorar la vibrante ciudad de Buenos Aires, con su arquitectura europea, tango apasionado y una escena gastron\u00f3mica de clase mundial.<\/p>\n\n\n\n<p>Para los amantes de la naturaleza, te ofrecemos la oportunidad de descubrir los glaciares en el Parque Nacional Los Glaciares, donde el imponente glaciar Perito Moreno te dejar\u00e1 sin aliento. Tambi\u00e9n puedes aventurarte en la regi\u00f3n de Salta, conocida por su espl\u00e9ndida belleza monta\u00f1osa y sus bodegas de vino, o disfrutar de la serenidad de la regi\u00f3n de Mendoza, famosa por sus vi\u00f1edos y la producci\u00f3n de vino de alta calidad.<\/p>\n\n\n\n<p>Si eres un amante de la aventura, Argentina es el lugar perfecto para ti. Desde hacer senderismo en la Cordillera de los Andes hasta realizar emocionantes actividades al aire libre, como rafting en los r\u00edos tumultuosos o avistar ballenas en la Pen\u00ednsula Vald\u00e9s, hay una amplia gama de opciones para satisfacer tu esp\u00edritu aventurero.<\/p>\n\n\n\n<p>Argentina tambi\u00e9n es reconocida por su rica cultura y patrimonio. Podr\u00e1s sumergirte en la historia de la tango en los barrios de San Telmo y La Boca, visitar las antiguas ruinas de las misiones jesu\u00edticas en la provincia de Misiones o explorar la regi\u00f3n de la Quebrada de Humahuaca, declarada Patrimonio de la Humanidad por la UNESCO.<\/p>\n\n\n<div class=\"pgc-sgb-cb wp-block-pgcsimplygalleryblock-masonry \" data-gallery-id=\"a4022735\"><div class=\"sgb-preloader\" id=\"pr_a4022735\">\n\t<div class=\"sgb-square\" style=\"background:#d4d4d4\"><\/div>\n\t<div class=\"sgb-square\" style=\"background:#d4d4d4\"><\/div>\n\t<div class=\"sgb-square\" style=\"background:#d4d4d4\"><\/div>\n\t<div class=\"sgb-square\" style=\"background:#d4d4d4\"><\/div><\/div><div class=\"simply-gallery-amp pgc_sgb_slider \" style=\"display: none;\"><div class=\"sgb-gallery\"><div class=\"sgb-item\"><a href=\"http:\/\/russtico.com\/wp-content\/uploads\/2023\/05\/Buenos-Aires-1.jpg\"><img decoding=\"async\" alt=\"\" width=\"1000\" height=\"570\" loading=\"lazy\" src=\"http:\/\/russtico.com\/wp-content\/uploads\/2023\/05\/Buenos-Aires-1.jpg\" srcset=\",http:\/\/russtico.com\/wp-content\/uploads\/2023\/05\/Buenos-Aires-1.jpg 1000w\" sizes=\"auto, 250px\"\/><\/a><\/div><div class=\"sgb-item\"><a href=\"http:\/\/russtico.com\/wp-content\/uploads\/2023\/05\/tango-buenos-aires1000-\u00d7-570-px-1.jpg\"><img decoding=\"async\" alt=\"\" width=\"1000\" height=\"570\" loading=\"lazy\" src=\"http:\/\/russtico.com\/wp-content\/uploads\/2023\/05\/tango-buenos-aires1000-\u00d7-570-px-1.jpg\" srcset=\",http:\/\/russtico.com\/wp-content\/uploads\/2023\/05\/tango-buenos-aires1000-\u00d7-570-px-1.jpg 1000w\" sizes=\"auto, 250px\"\/><\/a><\/div><div class=\"sgb-item\"><a href=\"http:\/\/russtico.com\/wp-content\/uploads\/2023\/05\/gastro_1200.jpg\"><img decoding=\"async\" alt=\"\" width=\"1200\" height=\"489\" loading=\"lazy\" src=\"http:\/\/russtico.com\/wp-content\/uploads\/2023\/05\/gastro_1200.jpg\" srcset=\",http:\/\/russtico.com\/wp-content\/uploads\/2023\/05\/gastro_1200.jpg 1200w\" sizes=\"auto, 250px\"\/><\/a><\/div><div class=\"sgb-item\"><a href=\"http:\/\/russtico.com\/wp-content\/uploads\/2023\/05\/Buenos-Aires.jpeg\"><img decoding=\"async\" alt=\"\" width=\"1440\" height=\"990\" loading=\"lazy\" src=\"http:\/\/russtico.com\/wp-content\/uploads\/2023\/05\/Buenos-Aires.jpeg\" srcset=\",http:\/\/russtico.com\/wp-content\/uploads\/2023\/05\/Buenos-Aires.jpeg 1440w\" sizes=\"auto, 250px\"\/><\/a><\/div><div class=\"sgb-item\"><a href=\"http:\/\/russtico.com\/wp-content\/uploads\/2023\/05\/run-buenos-aires.jpg\"><img decoding=\"async\" alt=\"\" width=\"1000\" height=\"570\" loading=\"lazy\" src=\"http:\/\/russtico.com\/wp-content\/uploads\/2023\/05\/run-buenos-aires.jpg\" srcset=\",http:\/\/russtico.com\/wp-content\/uploads\/2023\/05\/run-buenos-aires.jpg 1000w\" sizes=\"auto, 250px\"\/><\/a><\/div><div class=\"sgb-item\"><a href=\"http:\/\/russtico.com\/wp-content\/uploads\/2023\/05\/Buenos-Aires-2.jpg\"><img decoding=\"async\" alt=\"\" width=\"1000\" height=\"570\" loading=\"lazy\" src=\"http:\/\/russtico.com\/wp-content\/uploads\/2023\/05\/Buenos-Aires-2.jpg\" srcset=\",http:\/\/russtico.com\/wp-content\/uploads\/2023\/05\/Buenos-Aires-2.jpg 1000w\" sizes=\"auto, 250px\"\/><\/a><\/div><div class=\"sgb-item\"><a href=\"http:\/\/russtico.com\/wp-content\/uploads\/2023\/05\/circuito-chico.jpg\"><img decoding=\"async\" alt=\"\" width=\"1000\" height=\"570\" loading=\"lazy\" src=\"http:\/\/russtico.com\/wp-content\/uploads\/2023\/05\/circuito-chico.jpg\" srcset=\",http:\/\/russtico.com\/wp-content\/uploads\/2023\/05\/circuito-chico.jpg 1000w\" sizes=\"auto, 250px\"\/><\/a><\/div><\/div><\/div><script type=\"application\/json\" class=\"sgb-data\">{\"galleryType\":\"pgc_sgb_masonry\",\"galleryId\":\"a4022735\",\"images\":[{\"id\":5247,\"title\":\"Buenos Aires\",\"url\":\"http:\/\/russtico.com\/wp-content\/uploads\/2023\/05\/Buenos-Aires-1.jpg\",\"link\":\"https:\/\/russtico.com\/?attachment_id=5247\",\"alt\":\"\",\"description\":\"\",\"caption\":\"\",\"mime\":\"image\/jpeg\",\"type\":\"image\",\"width\":1000,\"height\":570,\"sizes\":{\"full\":{\"url\":\"http:\/\/russtico.com\/wp-content\/uploads\/2023\/05\/Buenos-Aires-1.jpg\",\"height\":570,\"width\":1000,\"orientation\":\"landscape\"}},\"imageMeta\":{\"aperture\":\"0\",\"credit\":\"\",\"camera\":\"\",\"caption\":\"\",\"created_timestamp\":\"0\",\"copyright\":\"\",\"focal_length\":\"0\",\"iso\":\"0\",\"shutter_speed\":\"0\",\"title\":\"\",\"orientation\":\"1\",\"keywords\":[]},\"meta\":false},{\"id\":5242,\"title\":\"tango-buenos aires(1000 \u00d7 570 px)\",\"url\":\"http:\/\/russtico.com\/wp-content\/uploads\/2023\/05\/tango-buenos-aires1000-\u00d7-570-px-1.jpg\",\"link\":\"https:\/\/russtico.com\/?attachment_id=5242\\u0026lang=es\",\"alt\":\"\",\"description\":\"\",\"caption\":\"\",\"mime\":\"image\/jpeg\",\"type\":\"image\",\"width\":1000,\"height\":570,\"sizes\":{\"full\":{\"url\":\"http:\/\/russtico.com\/wp-content\/uploads\/2023\/05\/tango-buenos-aires1000-\u00d7-570-px-1.jpg\",\"height\":570,\"width\":1000,\"orientation\":\"landscape\"}},\"imageMeta\":{\"aperture\":\"0\",\"credit\":\"\",\"camera\":\"\",\"caption\":\"\",\"created_timestamp\":\"0\",\"copyright\":\"\",\"focal_length\":\"0\",\"iso\":\"0\",\"shutter_speed\":\"0\",\"title\":\"\",\"orientation\":\"1\",\"keywords\":[]},\"meta\":false},{\"id\":5248,\"title\":\"gastro_1200\",\"url\":\"http:\/\/russtico.com\/wp-content\/uploads\/2023\/05\/gastro_1200.jpg\",\"link\":\"https:\/\/russtico.com\/?attachment_id=5248\",\"alt\":\"\",\"description\":\"\",\"caption\":\"\",\"mime\":\"image\/jpeg\",\"type\":\"image\",\"width\":1200,\"height\":489,\"sizes\":{\"full\":{\"url\":\"http:\/\/russtico.com\/wp-content\/uploads\/2023\/05\/gastro_1200.jpg\",\"height\":489,\"width\":1200,\"orientation\":\"landscape\"}},\"imageMeta\":{\"aperture\":\"0\",\"credit\":\"\",\"camera\":\"\",\"caption\":\"\",\"created_timestamp\":\"0\",\"copyright\":\"\",\"focal_length\":\"0\",\"iso\":\"0\",\"shutter_speed\":\"0\",\"title\":\"\",\"orientation\":\"0\",\"keywords\":[]},\"meta\":false},{\"id\":5252,\"title\":\"Buenos Aires\",\"url\":\"http:\/\/russtico.com\/wp-content\/uploads\/2023\/05\/Buenos-Aires.jpeg\",\"link\":\"https:\/\/russtico.com\/?attachment_id=5252\",\"alt\":\"\",\"description\":\"\",\"caption\":\"\",\"mime\":\"image\/jpeg\",\"type\":\"image\",\"width\":1440,\"height\":990,\"sizes\":{\"full\":{\"url\":\"http:\/\/russtico.com\/wp-content\/uploads\/2023\/05\/Buenos-Aires.jpeg\",\"height\":990,\"width\":1440,\"orientation\":\"landscape\"}},\"imageMeta\":{\"aperture\":\"0\",\"credit\":\"\",\"camera\":\"\",\"caption\":\"\",\"created_timestamp\":\"0\",\"copyright\":\"\",\"focal_length\":\"0\",\"iso\":\"0\",\"shutter_speed\":\"0\",\"title\":\"\",\"orientation\":\"0\",\"keywords\":[]},\"meta\":false},{\"id\":5238,\"title\":\"run-buenos aires\",\"url\":\"http:\/\/russtico.com\/wp-content\/uploads\/2023\/05\/run-buenos-aires.jpg\",\"link\":\"https:\/\/russtico.com\/?attachment_id=5238\\u0026lang=es\",\"alt\":\"\",\"description\":\"\",\"caption\":\"\",\"mime\":\"image\/jpeg\",\"type\":\"image\",\"width\":1000,\"height\":570,\"sizes\":{\"full\":{\"url\":\"http:\/\/russtico.com\/wp-content\/uploads\/2023\/05\/run-buenos-aires.jpg\",\"height\":570,\"width\":1000,\"orientation\":\"landscape\"}},\"imageMeta\":{\"aperture\":\"0\",\"credit\":\"\",\"camera\":\"\",\"caption\":\"\",\"created_timestamp\":\"0\",\"copyright\":\"\",\"focal_length\":\"0\",\"iso\":\"0\",\"shutter_speed\":\"0\",\"title\":\"\",\"orientation\":\"1\",\"keywords\":[]},\"meta\":false},{\"id\":5239,\"title\":\"Buenos Aires 2\",\"url\":\"http:\/\/russtico.com\/wp-content\/uploads\/2023\/05\/Buenos-Aires-2.jpg\",\"link\":\"https:\/\/russtico.com\/?attachment_id=5239\\u0026lang=es\",\"alt\":\"\",\"description\":\"\",\"caption\":\"\",\"mime\":\"image\/jpeg\",\"type\":\"image\",\"width\":1000,\"height\":570,\"sizes\":{\"full\":{\"url\":\"http:\/\/russtico.com\/wp-content\/uploads\/2023\/05\/Buenos-Aires-2.jpg\",\"height\":570,\"width\":1000,\"orientation\":\"landscape\"}},\"imageMeta\":{\"aperture\":\"0\",\"credit\":\"\",\"camera\":\"\",\"caption\":\"\",\"created_timestamp\":\"0\",\"copyright\":\"\",\"focal_length\":\"0\",\"iso\":\"0\",\"shutter_speed\":\"0\",\"title\":\"\",\"orientation\":\"1\",\"keywords\":[]},\"meta\":false},{\"id\":5237,\"title\":\"circuito-chico\",\"url\":\"http:\/\/russtico.com\/wp-content\/uploads\/2023\/05\/circuito-chico.jpg\",\"link\":\"https:\/\/russtico.com\/?attachment_id=5237\\u0026lang=es\",\"alt\":\"\",\"description\":\"\",\"caption\":\"\",\"mime\":\"image\/jpeg\",\"type\":\"image\",\"width\":1000,\"height\":570,\"sizes\":{\"full\":{\"url\":\"http:\/\/russtico.com\/wp-content\/uploads\/2023\/05\/circuito-chico.jpg\",\"height\":570,\"width\":1000,\"orientation\":\"landscape\"}},\"imageMeta\":{\"aperture\":\"0\",\"credit\":\"\",\"camera\":\"\",\"caption\":\"\",\"created_timestamp\":\"0\",\"copyright\":\"\",\"focal_length\":\"0\",\"iso\":\"0\",\"shutter_speed\":\"0\",\"title\":\"\",\"orientation\":\"1\",\"keywords\":[]},\"meta\":false}],\"itemsMetaDataCollection\":[]}<\/script><script>(function(){if(window.PGC_SGB && window.PGC_SGB.searcher){window.PGC_SGB.searcher.initBlocks()}})()<\/script><\/div>","protected":false},"excerpt":{"rendered":"<p>\u00a1Bienvenidos a Argentina, un destino lleno de maravillas naturales y culturales! En nuestra agencia de viajes, te invitamos a descubrir la belleza y la diversidad de este fascinante pa\u00eds sudamericano. Argentina te sorprender\u00e1 con sus paisajes impresionantes, desde las majestuosas cataratas del Iguaz\u00fa en el norte hasta la imponente belleza de la Patagonia en el [&hellip;]<\/p>\n","protected":false},"author":2,"featured_media":0,"parent":0,"menu_order":0,"comment_status":"closed","ping_status":"closed","template":"","meta":{"pgc_sgb_lightbox_settings":"","_bos_mb_destination":["",""],"footnotes":""},"class_list":["post-5302","page","type-page","status-publish","hentry"],"blocksy_meta":{"styles_descriptor":{"styles":{"desktop":"","tablet":"","mobile":""},"google_fonts":[],"version":6}},"_links":{"self":[{"href":"https:\/\/russtico.com\/index.php?rest_route=\/wp\/v2\/pages\/5302","targetHints":{"allow":["GET"]}}],"collection":[{"href":"https:\/\/russtico.com\/index.php?rest_route=\/wp\/v2\/pages"}],"about":[{"href":"https:\/\/russtico.com\/index.php?rest_route=\/wp\/v2\/types\/page"}],"author":[{"embeddable":true,"href":"https:\/\/russtico.com\/index.php?rest_route=\/wp\/v2\/users\/2"}],"replies":[{"embeddable":true,"href":"https:\/\/russtico.com\/index.php?rest_route=%2Fwp%2Fv2%2Fcomments&post=5302"}],"version-history":[{"count":1,"href":"https:\/\/russtico.com\/index.php?rest_route=\/wp\/v2\/pages\/5302\/revisions"}],"predecessor-version":[{"id":5761,"href":"https:\/\/russtico.com\/index.php?rest_route=\/wp\/v2\/pages\/5302\/revisions\/5761"}],"wp:attachment":[{"href":"https:\/\/russtico.com\/index.php?rest_route=%2Fwp%2Fv2%2Fmedia&parent=5302"}],"curies":[{"name":"wp","href":"https:\/\/api.w.org\/{rel}","templated":true}]}}