{"id":5298,"date":"2023-06-02T01:06:22","date_gmt":"2023-06-01T22:06:22","guid":{"rendered":"https:\/\/russtico.com\/?page_id=5298"},"modified":"2024-01-21T17:40:36","modified_gmt":"2024-01-21T14:40:36","slug":"cuba","status":"publish","type":"page","link":"https:\/\/russtico.com\/?page_id=5298&lang=es","title":{"rendered":"Cuba"},"content":{"rendered":"\n<p>\u00a1Bienvenidos a Cuba, la perla del Caribe! Nos complace invitarte a explorar las maravillas de esta isla \u00fanica a trav\u00e9s de nuestra agencia de viajes. <\/p>\n\n\n\n<p>Descubre la rica historia y la vibrante cultura de La Habana con sus coloridos edificios coloniales, plazas animadas y m\u00fasica contagiosa. Explora las hermosas playas de Varadero, con su arena blanca y aguas turquesas, ideales para relajarte y disfrutar del sol caribe\u00f1o. Sum\u00e9rgete en la encantadora ciudad de Trinidad, declarada Patrimonio de la Humanidad por la UNESCO, con sus calles empedradas y arquitectura colonial intacta.<\/p>\n\n\n\n<p>Nuestra agencia ofrece una amplia gama de paquetes tur\u00edsticos que se adaptan a tus preferencias y necesidades. Desde recorridos culturales y hist\u00f3ricos, hasta aventuras en la naturaleza y estancias en resorts todo incluido, tenemos opciones para todos los gustos. Adem\u00e1s, contamos con gu\u00edas locales expertos que te acompa\u00f1ar\u00e1n en cada paso del camino, compartiendo conocimientos y asegur\u00e1ndote una experiencia enriquecedora.<\/p>\n\n\n\n<p>Cuba es famosa por su m\u00fasica, su gastronom\u00eda y su hospitalidad. Podr\u00e1s disfrutar de la aut\u00e9ntica m\u00fasica cubana en vivo, bailar al ritmo de la salsa y degustar la deliciosa comida criolla. Adem\u00e1s, tendr\u00e1s la oportunidad de interactuar con los locales, conocer su forma de vida y descubrir la calidez de su gente.<\/p>\n\n\n<div class=\"pgc-sgb-cb wp-block-pgcsimplygalleryblock-masonry \" data-gallery-id=\"56428454\"><div class=\"sgb-preloader\" id=\"pr_56428454\">\n\t<div class=\"sgb-square\" style=\"background:#d4d4d4\"><\/div>\n\t<div class=\"sgb-square\" style=\"background:#d4d4d4\"><\/div>\n\t<div class=\"sgb-square\" style=\"background:#d4d4d4\"><\/div>\n\t<div class=\"sgb-square\" style=\"background:#d4d4d4\"><\/div><\/div><div class=\"simply-gallery-amp pgc_sgb_slider \" style=\"display: none;\"><div class=\"sgb-gallery\"><div class=\"sgb-item\"><a href=\"http:\/\/russtico.com\/wp-content\/uploads\/2023\/05\/Palacio-del-Gobierno-en-Cienfuegos-1.jpg\"><img decoding=\"async\" alt=\"\" width=\"950\" height=\"713\" loading=\"lazy\" src=\"http:\/\/russtico.com\/wp-content\/uploads\/2023\/05\/Palacio-del-Gobierno-en-Cienfuegos-1.jpg\" srcset=\",http:\/\/russtico.com\/wp-content\/uploads\/2023\/05\/Palacio-del-Gobierno-en-Cienfuegos-1.jpg 950w\" sizes=\"auto, 250px\"\/><\/a><\/div><div class=\"sgb-item\"><a href=\"http:\/\/russtico.com\/wp-content\/uploads\/2023\/05\/cienfuegos-vista-1.jpg\"><img decoding=\"async\" alt=\"\" width=\"640\" height=\"480\" loading=\"lazy\" src=\"http:\/\/russtico.com\/wp-content\/uploads\/2023\/05\/cienfuegos-vista-1.jpg\" srcset=\",http:\/\/russtico.com\/wp-content\/uploads\/2023\/05\/cienfuegos-vista-1.jpg 640w\" sizes=\"auto, 250px\"\/><\/a><\/div><div class=\"sgb-item\"><a href=\"http:\/\/russtico.com\/wp-content\/uploads\/2023\/05\/Trinidad-Cuba-1.jpg\"><img decoding=\"async\" alt=\"\" width=\"1050\" height=\"700\" loading=\"lazy\" src=\"http:\/\/russtico.com\/wp-content\/uploads\/2023\/05\/Trinidad-Cuba-1.jpg\" srcset=\",http:\/\/russtico.com\/wp-content\/uploads\/2023\/05\/Trinidad-Cuba-1.jpg 1050w\" sizes=\"auto, 250px\"\/><\/a><\/div><div class=\"sgb-item\"><a href=\"http:\/\/russtico.com\/wp-content\/uploads\/2023\/05\/la-habana-2-1.jpg\"><img decoding=\"async\" alt=\"\" width=\"1800\" height=\"1200\" loading=\"lazy\" src=\"http:\/\/russtico.com\/wp-content\/uploads\/2023\/05\/la-habana-2-1.jpg\" srcset=\",http:\/\/russtico.com\/wp-content\/uploads\/2023\/05\/la-habana-2-1.jpg 1800w\" sizes=\"auto, 250px\"\/><\/a><\/div><div class=\"sgb-item\"><a href=\"http:\/\/russtico.com\/wp-content\/uploads\/2023\/05\/recogida-de-tabajo-1.jpg\"><img decoding=\"async\" alt=\"\" width=\"800\" height=\"532\" loading=\"lazy\" src=\"http:\/\/russtico.com\/wp-content\/uploads\/2023\/05\/recogida-de-tabajo-1.jpg\" srcset=\",http:\/\/russtico.com\/wp-content\/uploads\/2023\/05\/recogida-de-tabajo-1.jpg 800w\" sizes=\"auto, 250px\"\/><\/a><\/div><div class=\"sgb-item\"><a href=\"http:\/\/russtico.com\/wp-content\/uploads\/2023\/05\/vinales-Cuba-1.jpeg\"><img decoding=\"async\" alt=\"\" width=\"275\" height=\"183\" loading=\"lazy\" src=\"http:\/\/russtico.com\/wp-content\/uploads\/2023\/05\/vinales-Cuba-1.jpeg\" srcset=\",http:\/\/russtico.com\/wp-content\/uploads\/2023\/05\/vinales-Cuba-1.jpeg 275w\" sizes=\"auto, 250px\"\/><\/a><\/div><div class=\"sgb-item\"><a href=\"http:\/\/russtico.com\/wp-content\/uploads\/2023\/05\/Mausoleo-del-Che-en-Santa-Clara-1.jpg\"><img decoding=\"async\" alt=\"\" width=\"950\" height=\"634\" loading=\"lazy\" src=\"http:\/\/russtico.com\/wp-content\/uploads\/2023\/05\/Mausoleo-del-Che-en-Santa-Clara-1.jpg\" srcset=\",http:\/\/russtico.com\/wp-content\/uploads\/2023\/05\/Mausoleo-del-Che-en-Santa-Clara-1.jpg 950w\" sizes=\"auto, 250px\"\/><\/a><\/div><div class=\"sgb-item\"><a href=\"http:\/\/russtico.com\/wp-content\/uploads\/2023\/05\/Playa-de-Varadero-1.jpg\"><img decoding=\"async\" alt=\"\" width=\"950\" height=\"628\" loading=\"lazy\" src=\"http:\/\/russtico.com\/wp-content\/uploads\/2023\/05\/Playa-de-Varadero-1.jpg\" srcset=\",http:\/\/russtico.com\/wp-content\/uploads\/2023\/05\/Playa-de-Varadero-1.jpg 950w\" sizes=\"auto, 250px\"\/><\/a><\/div><div class=\"sgb-item\"><a href=\"http:\/\/russtico.com\/wp-content\/uploads\/2023\/05\/varadero-matanzas-1.jpg\"><img decoding=\"async\" alt=\"\" width=\"950\" height=\"713\" loading=\"lazy\" src=\"http:\/\/russtico.com\/wp-content\/uploads\/2023\/05\/varadero-matanzas-1.jpg\" srcset=\",http:\/\/russtico.com\/wp-content\/uploads\/2023\/05\/varadero-matanzas-1.jpg 950w\" sizes=\"auto, 250px\"\/><\/a><\/div><div class=\"sgb-item\"><a href=\"http:\/\/russtico.com\/wp-content\/uploads\/2023\/05\/Cayo-Blanco-Varadero-1.jpg\"><img decoding=\"async\" alt=\"\" width=\"950\" height=\"730\" loading=\"lazy\" src=\"http:\/\/russtico.com\/wp-content\/uploads\/2023\/05\/Cayo-Blanco-Varadero-1.jpg\" srcset=\",http:\/\/russtico.com\/wp-content\/uploads\/2023\/05\/Cayo-Blanco-Varadero-1.jpg 950w\" sizes=\"auto, 250px\"\/><\/a><\/div><div class=\"sgb-item\"><a href=\"http:\/\/russtico.com\/wp-content\/uploads\/2023\/05\/hotel-grand-memories-varadero_150594549613.jpg\"><img decoding=\"async\" alt=\"\" width=\"1024\" height=\"683\" loading=\"lazy\" src=\"http:\/\/russtico.com\/wp-content\/uploads\/2023\/05\/hotel-grand-memories-varadero_150594549613.jpg\" srcset=\",http:\/\/russtico.com\/wp-content\/uploads\/2023\/05\/hotel-grand-memories-varadero_150594549613.jpg 1024w\" sizes=\"auto, 250px\"\/><\/a><\/div><div class=\"sgb-item\"><a href=\"http:\/\/russtico.com\/wp-content\/uploads\/2023\/05\/hotel-grand-memories-varadero_150594549614.jpg\"><img decoding=\"async\" alt=\"\" width=\"1024\" height=\"663\" loading=\"lazy\" src=\"http:\/\/russtico.com\/wp-content\/uploads\/2023\/05\/hotel-grand-memories-varadero_150594549614.jpg\" srcset=\",http:\/\/russtico.com\/wp-content\/uploads\/2023\/05\/hotel-grand-memories-varadero_150594549614.jpg 1024w\" sizes=\"auto, 250px\"\/><\/a><\/div><\/div><\/div><script type=\"application\/json\" class=\"sgb-data\">{\"galleryType\":\"pgc_sgb_masonry\",\"galleryId\":\"56428454\",\"images\":[{\"id\":5228,\"title\":\"Palacio-del-Gobierno-en-Cienfuegos\",\"url\":\"http:\/\/russtico.com\/wp-content\/uploads\/2023\/05\/Palacio-del-Gobierno-en-Cienfuegos-1.jpg\",\"link\":\"https:\/\/russtico.com\/?attachment_id=5228\",\"alt\":\"\",\"description\":\"\",\"caption\":\"\",\"mime\":\"image\/jpeg\",\"type\":\"image\",\"width\":950,\"height\":713,\"sizes\":{\"full\":{\"url\":\"http:\/\/russtico.com\/wp-content\/uploads\/2023\/05\/Palacio-del-Gobierno-en-Cienfuegos-1.jpg\",\"height\":713,\"width\":950,\"orientation\":\"landscape\"}},\"imageMeta\":{\"aperture\":\"0\",\"credit\":\"\",\"camera\":\"\",\"caption\":\"\",\"created_timestamp\":\"0\",\"copyright\":\"\",\"focal_length\":\"0\",\"iso\":\"0\",\"shutter_speed\":\"0\",\"title\":\"\",\"orientation\":\"1\",\"keywords\":[]},\"meta\":false},{\"id\":5227,\"title\":\"cienfuegos-vista\",\"url\":\"http:\/\/russtico.com\/wp-content\/uploads\/2023\/05\/cienfuegos-vista-1.jpg\",\"link\":\"https:\/\/russtico.com\/?attachment_id=5227\",\"alt\":\"\",\"description\":\"\",\"caption\":\"\",\"mime\":\"image\/jpeg\",\"type\":\"image\",\"width\":640,\"height\":480,\"sizes\":{\"full\":{\"url\":\"http:\/\/russtico.com\/wp-content\/uploads\/2023\/05\/cienfuegos-vista-1.jpg\",\"height\":480,\"width\":640,\"orientation\":\"landscape\"}},\"imageMeta\":{\"aperture\":\"0\",\"credit\":\"\",\"camera\":\"\",\"caption\":\"\",\"created_timestamp\":\"0\",\"copyright\":\"\",\"focal_length\":\"0\",\"iso\":\"0\",\"shutter_speed\":\"0\",\"title\":\"\",\"orientation\":\"0\",\"keywords\":[]},\"meta\":false},{\"id\":5229,\"title\":\"Trinidad Cuba\",\"url\":\"http:\/\/russtico.com\/wp-content\/uploads\/2023\/05\/Trinidad-Cuba-1.jpg\",\"link\":\"https:\/\/russtico.com\/?attachment_id=5229\",\"alt\":\"\",\"description\":\"\",\"caption\":\"\",\"mime\":\"image\/jpeg\",\"type\":\"image\",\"width\":1050,\"height\":700,\"sizes\":{\"full\":{\"url\":\"http:\/\/russtico.com\/wp-content\/uploads\/2023\/05\/Trinidad-Cuba-1.jpg\",\"height\":700,\"width\":1050,\"orientation\":\"landscape\"}},\"imageMeta\":{\"aperture\":\"0\",\"credit\":\"\",\"camera\":\"\",\"caption\":\"\",\"created_timestamp\":\"0\",\"copyright\":\"\",\"focal_length\":\"0\",\"iso\":\"0\",\"shutter_speed\":\"0\",\"title\":\"\",\"orientation\":\"0\",\"keywords\":[]},\"meta\":false},{\"id\":5219,\"title\":\"la-habana-2\",\"url\":\"http:\/\/russtico.com\/wp-content\/uploads\/2023\/05\/la-habana-2-1.jpg\",\"link\":\"https:\/\/russtico.com\/?attachment_id=5219\",\"alt\":\"\",\"description\":\"\",\"caption\":\"\",\"mime\":\"image\/jpeg\",\"type\":\"image\",\"width\":1800,\"height\":1200,\"sizes\":{\"full\":{\"url\":\"http:\/\/russtico.com\/wp-content\/uploads\/2023\/05\/la-habana-2-1.jpg\",\"height\":1200,\"width\":1800,\"orientation\":\"landscape\"}},\"imageMeta\":{\"aperture\":\"0\",\"credit\":\"\",\"camera\":\"\",\"caption\":\"\",\"created_timestamp\":\"0\",\"copyright\":\"\",\"focal_length\":\"0\",\"iso\":\"0\",\"shutter_speed\":\"0\",\"title\":\"\",\"orientation\":\"0\",\"keywords\":[]},\"meta\":false},{\"id\":5220,\"title\":\"recogida-de-tabajo\",\"url\":\"http:\/\/russtico.com\/wp-content\/uploads\/2023\/05\/recogida-de-tabajo-1.jpg\",\"link\":\"https:\/\/russtico.com\/?attachment_id=5220\",\"alt\":\"\",\"description\":\"\",\"caption\":\"\",\"mime\":\"image\/jpeg\",\"type\":\"image\",\"width\":800,\"height\":532,\"sizes\":{\"full\":{\"url\":\"http:\/\/russtico.com\/wp-content\/uploads\/2023\/05\/recogida-de-tabajo-1.jpg\",\"height\":532,\"width\":800,\"orientation\":\"landscape\"}},\"imageMeta\":{\"aperture\":\"0\",\"credit\":\"\",\"camera\":\"\",\"caption\":\"\",\"created_timestamp\":\"0\",\"copyright\":\"\",\"focal_length\":\"0\",\"iso\":\"0\",\"shutter_speed\":\"0\",\"title\":\"\",\"orientation\":\"0\",\"keywords\":[]},\"meta\":false},{\"id\":5221,\"title\":\"vi\u00f1ales Cuba\",\"url\":\"http:\/\/russtico.com\/wp-content\/uploads\/2023\/05\/vinales-Cuba-1.jpeg\",\"link\":\"https:\/\/russtico.com\/?attachment_id=5221\",\"alt\":\"\",\"description\":\"\",\"caption\":\"\",\"mime\":\"image\/jpeg\",\"type\":\"image\",\"width\":275,\"height\":183,\"sizes\":{\"full\":{\"url\":\"http:\/\/russtico.com\/wp-content\/uploads\/2023\/05\/vinales-Cuba-1.jpeg\",\"height\":183,\"width\":275,\"orientation\":\"landscape\"}},\"imageMeta\":{\"aperture\":\"0\",\"credit\":\"\",\"camera\":\"\",\"caption\":\"\",\"created_timestamp\":\"0\",\"copyright\":\"\",\"focal_length\":\"0\",\"iso\":\"0\",\"shutter_speed\":\"0\",\"title\":\"\",\"orientation\":\"0\",\"keywords\":[]},\"meta\":false},{\"id\":5222,\"title\":\"Mausoleo-del-Che-en-Santa-Clara\",\"url\":\"http:\/\/russtico.com\/wp-content\/uploads\/2023\/05\/Mausoleo-del-Che-en-Santa-Clara-1.jpg\",\"link\":\"https:\/\/russtico.com\/?attachment_id=5222\",\"alt\":\"\",\"description\":\"\",\"caption\":\"\",\"mime\":\"image\/jpeg\",\"type\":\"image\",\"width\":950,\"height\":634,\"sizes\":{\"full\":{\"url\":\"http:\/\/russtico.com\/wp-content\/uploads\/2023\/05\/Mausoleo-del-Che-en-Santa-Clara-1.jpg\",\"height\":634,\"width\":950,\"orientation\":\"landscape\"}},\"imageMeta\":{\"aperture\":\"0\",\"credit\":\"\",\"camera\":\"\",\"caption\":\"\",\"created_timestamp\":\"0\",\"copyright\":\"\",\"focal_length\":\"0\",\"iso\":\"0\",\"shutter_speed\":\"0\",\"title\":\"\",\"orientation\":\"0\",\"keywords\":[]},\"meta\":false},{\"id\":5225,\"title\":\"Playa-de-Varadero\",\"url\":\"http:\/\/russtico.com\/wp-content\/uploads\/2023\/05\/Playa-de-Varadero-1.jpg\",\"link\":\"https:\/\/russtico.com\/?attachment_id=5225\",\"alt\":\"\",\"description\":\"\",\"caption\":\"\",\"mime\":\"image\/jpeg\",\"type\":\"image\",\"width\":950,\"height\":628,\"sizes\":{\"full\":{\"url\":\"http:\/\/russtico.com\/wp-content\/uploads\/2023\/05\/Playa-de-Varadero-1.jpg\",\"height\":628,\"width\":950,\"orientation\":\"landscape\"}},\"imageMeta\":{\"aperture\":\"0\",\"credit\":\"\",\"camera\":\"\",\"caption\":\"\",\"created_timestamp\":\"0\",\"copyright\":\"\",\"focal_length\":\"0\",\"iso\":\"0\",\"shutter_speed\":\"0\",\"title\":\"\",\"orientation\":\"0\",\"keywords\":[]},\"meta\":false},{\"id\":5226,\"title\":\"varadero-matanzas\",\"url\":\"http:\/\/russtico.com\/wp-content\/uploads\/2023\/05\/varadero-matanzas-1.jpg\",\"link\":\"https:\/\/russtico.com\/?attachment_id=5226\",\"alt\":\"\",\"description\":\"\",\"caption\":\"\",\"mime\":\"image\/jpeg\",\"type\":\"image\",\"width\":950,\"height\":713,\"sizes\":{\"full\":{\"url\":\"http:\/\/russtico.com\/wp-content\/uploads\/2023\/05\/varadero-matanzas-1.jpg\",\"height\":713,\"width\":950,\"orientation\":\"landscape\"}},\"imageMeta\":{\"aperture\":\"0\",\"credit\":\"\",\"camera\":\"\",\"caption\":\"\",\"created_timestamp\":\"0\",\"copyright\":\"\",\"focal_length\":\"0\",\"iso\":\"0\",\"shutter_speed\":\"0\",\"title\":\"\",\"orientation\":\"0\",\"keywords\":[]},\"meta\":false},{\"id\":5224,\"title\":\"Cayo-Blanco-Varadero\",\"url\":\"http:\/\/russtico.com\/wp-content\/uploads\/2023\/05\/Cayo-Blanco-Varadero-1.jpg\",\"link\":\"https:\/\/russtico.com\/?attachment_id=5224\",\"alt\":\"\",\"description\":\"\",\"caption\":\"\",\"mime\":\"image\/jpeg\",\"type\":\"image\",\"width\":950,\"height\":730,\"sizes\":{\"full\":{\"url\":\"http:\/\/russtico.com\/wp-content\/uploads\/2023\/05\/Cayo-Blanco-Varadero-1.jpg\",\"height\":730,\"width\":950,\"orientation\":\"landscape\"}},\"imageMeta\":{\"aperture\":\"0\",\"credit\":\"\",\"camera\":\"\",\"caption\":\"\",\"created_timestamp\":\"0\",\"copyright\":\"\",\"focal_length\":\"0\",\"iso\":\"0\",\"shutter_speed\":\"0\",\"title\":\"\",\"orientation\":\"1\",\"keywords\":[]},\"meta\":false},{\"id\":5230,\"title\":\"hotel-grand-memories-varadero_150594549613\",\"url\":\"http:\/\/russtico.com\/wp-content\/uploads\/2023\/05\/hotel-grand-memories-varadero_150594549613.jpg\",\"link\":\"https:\/\/russtico.com\/?attachment_id=5230\",\"alt\":\"\",\"description\":\"\",\"caption\":\"\",\"mime\":\"image\/jpeg\",\"type\":\"image\",\"width\":1024,\"height\":683,\"sizes\":{\"full\":{\"url\":\"http:\/\/russtico.com\/wp-content\/uploads\/2023\/05\/hotel-grand-memories-varadero_150594549613.jpg\",\"height\":683,\"width\":1024,\"orientation\":\"landscape\"}},\"imageMeta\":{\"aperture\":\"0\",\"credit\":\"\",\"camera\":\"\",\"caption\":\"\",\"created_timestamp\":\"0\",\"copyright\":\"\",\"focal_length\":\"0\",\"iso\":\"0\",\"shutter_speed\":\"0\",\"title\":\"\",\"orientation\":\"0\",\"keywords\":[]},\"meta\":false},{\"id\":5231,\"title\":\"hotel-grand-memories-varadero_150594549614\",\"url\":\"http:\/\/russtico.com\/wp-content\/uploads\/2023\/05\/hotel-grand-memories-varadero_150594549614.jpg\",\"link\":\"https:\/\/russtico.com\/?attachment_id=5231\",\"alt\":\"\",\"description\":\"\",\"caption\":\"\",\"mime\":\"image\/jpeg\",\"type\":\"image\",\"width\":1024,\"height\":663,\"sizes\":{\"full\":{\"url\":\"http:\/\/russtico.com\/wp-content\/uploads\/2023\/05\/hotel-grand-memories-varadero_150594549614.jpg\",\"height\":663,\"width\":1024,\"orientation\":\"landscape\"}},\"imageMeta\":{\"aperture\":\"0\",\"credit\":\"\",\"camera\":\"\",\"caption\":\"\",\"created_timestamp\":\"0\",\"copyright\":\"\",\"focal_length\":\"0\",\"iso\":\"0\",\"shutter_speed\":\"0\",\"title\":\"\",\"orientation\":\"0\",\"keywords\":[]},\"meta\":false}],\"itemsMetaDataCollection\":[]}<\/script><script>(function(){if(window.PGC_SGB && window.PGC_SGB.searcher){window.PGC_SGB.searcher.initBlocks()}})()<\/script><\/div>","protected":false},"excerpt":{"rendered":"<p>\u00a1Bienvenidos a Cuba, la perla del Caribe! Nos complace invitarte a explorar las maravillas de esta isla \u00fanica a trav\u00e9s de nuestra agencia de viajes. Descubre la rica historia y la vibrante cultura de La Habana con sus coloridos edificios coloniales, plazas animadas y m\u00fasica contagiosa. Explora las hermosas playas de Varadero, con su arena [&hellip;]<\/p>\n","protected":false},"author":2,"featured_media":0,"parent":0,"menu_order":0,"comment_status":"closed","ping_status":"closed","template":"","meta":{"pgc_sgb_lightbox_settings":"","_bos_mb_destination":["",""],"footnotes":""},"class_list":["post-5298","page","type-page","status-publish","hentry"],"blocksy_meta":{"styles_descriptor":{"styles":{"desktop":"","tablet":"","mobile":""},"google_fonts":[],"version":6}},"_links":{"self":[{"href":"https:\/\/russtico.com\/index.php?rest_route=\/wp\/v2\/pages\/5298","targetHints":{"allow":["GET"]}}],"collection":[{"href":"https:\/\/russtico.com\/index.php?rest_route=\/wp\/v2\/pages"}],"about":[{"href":"https:\/\/russtico.com\/index.php?rest_route=\/wp\/v2\/types\/page"}],"author":[{"embeddable":true,"href":"https:\/\/russtico.com\/index.php?rest_route=\/wp\/v2\/users\/2"}],"replies":[{"embeddable":true,"href":"https:\/\/russtico.com\/index.php?rest_route=%2Fwp%2Fv2%2Fcomments&post=5298"}],"version-history":[{"count":1,"href":"https:\/\/russtico.com\/index.php?rest_route=\/wp\/v2\/pages\/5298\/revisions"}],"predecessor-version":[{"id":5764,"href":"https:\/\/russtico.com\/index.php?rest_route=\/wp\/v2\/pages\/5298\/revisions\/5764"}],"wp:attachment":[{"href":"https:\/\/russtico.com\/index.php?rest_route=%2Fwp%2Fv2%2Fmedia&parent=5298"}],"curies":[{"name":"wp","href":"https:\/\/api.w.org\/{rel}","templated":true}]}}